{"id":3,"date":"2025-05-08T13:19:23","date_gmt":"2025-05-08T11:19:23","guid":{"rendered":"https:\/\/www.klsolutions.it\/?page_id=3"},"modified":"2025-05-12T19:52:18","modified_gmt":"2025-05-12T17:52:18","slug":"privacy-policy","status":"publish","type":"page","link":"https:\/\/www.klsolutions.it\/de\/privacy-policy\/","title":{"rendered":"Privacy Policy"},"content":{"rendered":"<div data-elementor-type=\"wp-page\" data-elementor-id=\"3\" class=\"elementor elementor-3\" data-elementor-post-type=\"page\">\n\t\t\t\t<div class=\"elementor-element elementor-element-54dba96d e-flex e-con-boxed e-con e-parent\" data-id=\"54dba96d\" data-element_type=\"container\">\n\t\t\t\t\t<div class=\"e-con-inner\">\n\t\t\t\t<div class=\"elementor-element elementor-element-77613eb elementor-widget elementor-widget-heading\" data-id=\"77613eb\" data-element_type=\"widget\" data-widget_type=\"heading.default\">\n\t\t\t\t<div class=\"elementor-widget-container\">\n\t\t\t\t\t<h2 class=\"elementor-heading-title elementor-size-default\">Privacy Policy<\/h2>\t\t\t\t<\/div>\n\t\t\t\t<\/div>\n\t\t\t\t<div class=\"elementor-element elementor-element-51d128e5 elementor-widget elementor-widget-text-editor\" data-id=\"51d128e5\" data-element_type=\"widget\" data-widget_type=\"text-editor.default\">\n\t\t\t\t<div class=\"elementor-widget-container\">\n\t\t\t\t\t\t\t\t\t<p class=\"p1\"><b>Letzte Aktualisierung: Mai 2025<\/b><b><\/b><\/p>\n<p class=\"p3 translation-block\">Diese Datenschutzerkl\u00e4rung erfolgt gem\u00e4\u00df der Verordnung (EU) 2016\/679 (\u201eDSGVO\u201c) und beschreibt die Verarbeitung personenbezogener Daten von Nutzern, die die Website <span class=\"s1\"><b>www.klsolutions.it<\/b><\/span> besuchen, welche im Eigentum der folgenden Gesellschaft steht:<\/p>\n<p class=\"p1\"><b>KL elektro solution SAS d. Emanuele Fiorencis &amp; Co.<\/b><b><\/b><\/p>\n<p class=\"p3\">W.-V.-d.-Vogelweidestrasse 30 | 39012 Meran (BZ)<\/p>\n<p class=\"p3\">USt-IdNr. 03298850219<\/p>\n<p class=\"p3\">Email: <a href=\"mailto:info@klsolution.it\">info@klsolutions.it<\/a><\/p>\n<p>\u00a0<\/p>\n<h3><b>1. Art der verarbeiteten Daten<\/b><\/h3>\n<p class=\"p3\">Diese Website dient ausschlie\u00dflich Informationszwecken. Es werden keine personenbezogenen Daten \u00fcber Registrierungen, Newsletter, gesch\u00fctzte Bereiche oder Kontaktformulare erhoben.<\/p>\n<p class=\"p3\">Etwaige personenbezogene Daten, die freiwillig per E-Mail-Kontakt \u00fcbermittelt werden (z.\u202fB. Name, E-Mail-Adresse, Nachrichtentext), werden wie nachfolgend beschrieben verarbeitet.<\/p>\n<h3><b>2. Zweck und Rechtsgrundlage der Datenverarbeitung<\/b><\/h3>\n<p class=\"p3\">Die vom Nutzer freiwillig per E-Mail \u00fcbermittelten Daten werden ausschlie\u00dflich zu folgenden Zwecken verarbeitet:<\/p>\n<ul>\n<li>\n<p class=\"p1\">Beantwortung von Anfragen oder Angebotsanfragen<\/p>\n<\/li>\n<li>\n<p class=\"p1\">Abwicklung vorvertraglicher oder vertraglicher Gesch\u00e4ftsbeziehungen<\/p>\n<\/li>\n<\/ul>\n<p class=\"p3 translation-block\">Die Rechtsgrundlage der Verarbeitung ist die <span class=\"s1\"><b>ausdr\u00fccklich erteilte Einwilligung<\/b><\/span> der betroffenen Person durch die freiwillige \u00dcbermittlung der Mitteilung.<\/p>\n<h3><b>3. Art und Weise der Datenverarbeitung<\/b><\/h3>\n<p class=\"p3\">Die Daten werden von autorisiertem Personal der KL elektro solution SAS mit elektronischen und\/oder manuellen Mitteln verarbeitet, unter Einhaltung der im Rahmen der DSGVO vorgesehenen technischen und organisatorischen Ma\u00dfnahmen, um Vertraulichkeit, Integrit\u00e4t und Verf\u00fcgbarkeit zu gew\u00e4hrleisten.<\/p>\n<h3><b>4. Aufbewahrungsdauer der Daten<\/b><\/h3>\n<p class=\"p3\">Die Daten werden nur so lange gespeichert, wie es zur Erreichung der oben genannten Zwecke unbedingt erforderlich ist, und in jedem Fall nicht l\u00e4nger als 12 Monate, es sei denn, gesetzliche Verpflichtungen oder berechtigte Interessen im Zusammenhang mit rechtlichem Schutz erfordern eine l\u00e4ngere Aufbewahrung.<\/p>\n<h3><b>5. Weitergabe und Offenlegung von Daten<\/b><\/h3>\n<p class=\"p3\">Die Daten werden nicht an Dritte weitergegeben oder ver\u00f6ffentlicht, es sei denn, gesetzliche Verpflichtungen machen dies erforderlich. Sie k\u00f6nnen von beauftragten externen Dienstleistern (z.\u202fB. IT-Anbietern) verarbeitet werden, sofern diese als Auftragsverarbeiter benannt wurden und die vertraglichen sowie gesetzlichen Vorgaben einhalten.<\/p>\n<h3><b>6. Rechte der betroffenen Person<\/b><\/h3>\n<p class=\"p3\">Die betroffene Person kann jederzeit die Rechte gem\u00e4\u00df den Artikeln 15 bis 22 der DSGVO aus\u00fcben, darunter:<\/p>\n<ul>\n<li>\n<p class=\"p1\">Zugriff, Berichtigung, L\u00f6schung der Daten<\/p>\n<\/li>\n<li>\n<p class=\"p1\">Einschr\u00e4nkung und Widerspruch gegen die Verarbeitung<\/p>\n<\/li>\n<li>\n<p class=\"p1\">Daten\u00fcbertragbarkeit<\/p>\n<\/li>\n<li>\n<p class=\"p1\">Beschwerde bei der Aufsichtsbeh\u00f6rde f\u00fcr den Schutz personenbezogener Daten<\/p>\n<\/li>\n<\/ul>\n<p class=\"p3\">Zur Aus\u00fcbung dieser Rechte k\u00f6nnen Sie schreiben an:\u00a0<a href=\"mailto:info@klsolution.it\">info@klsolutions.it<\/a><\/p>\n<h3><b>7. Cookie Policy<\/b><\/h3>\n<p class=\"p3 translation-block\">Die Verwaltung der Cookies wird durch eine <span class=\"s1\"><b>eigene Cookie-Richtlinie<\/b><\/span> geregelt, die \u00fcber <span class=\"s1\"><b>Compilanz<\/b><\/span> erstellt wurde und auf der Website einsehbar ist.<\/p>\t\t\t\t\t\t\t\t<\/div>\n\t\t\t\t<\/div>\n\t\t\t\t\t<\/div>\n\t\t\t\t<\/div>\n\t\t\t\t<\/div>","protected":false},"excerpt":{"rendered":"<p>Privacy Policy Ultimo aggiornamento: maggio 2025 Questa informativa \u00e8 resa ai sensi del Regolamento (UE) 2016\/679 (\u201cGDPR\u201d) e descrive le modalit\u00e0 di [&hellip;]<\/p>","protected":false},"author":1,"featured_media":0,"parent":0,"menu_order":0,"comment_status":"closed","ping_status":"open","template":"page-templates\/page_front-page.php","meta":{"footnotes":""},"class_list":["post-3","page","type-page","status-publish","hentry"],"_links":{"self":[{"href":"https:\/\/www.klsolutions.it\/de\/wp-json\/wp\/v2\/pages\/3","targetHints":{"allow":["GET"]}}],"collection":[{"href":"https:\/\/www.klsolutions.it\/de\/wp-json\/wp\/v2\/pages"}],"about":[{"href":"https:\/\/www.klsolutions.it\/de\/wp-json\/wp\/v2\/types\/page"}],"author":[{"embeddable":true,"href":"https:\/\/www.klsolutions.it\/de\/wp-json\/wp\/v2\/users\/1"}],"replies":[{"embeddable":true,"href":"https:\/\/www.klsolutions.it\/de\/wp-json\/wp\/v2\/comments?post=3"}],"version-history":[{"count":6,"href":"https:\/\/www.klsolutions.it\/de\/wp-json\/wp\/v2\/pages\/3\/revisions"}],"predecessor-version":[{"id":1049,"href":"https:\/\/www.klsolutions.it\/de\/wp-json\/wp\/v2\/pages\/3\/revisions\/1049"}],"wp:attachment":[{"href":"https:\/\/www.klsolutions.it\/de\/wp-json\/wp\/v2\/media?parent=3"}],"curies":[{"name":"wp","href":"https:\/\/api.w.org\/{rel}","templated":true}]}}