{"id":741,"date":"2021-10-29T08:15:42","date_gmt":"2021-10-29T08:15:42","guid":{"rendered":"https:\/\/demo.athemes.com\/sydney-main\/?page_id=5"},"modified":"2025-05-13T17:14:02","modified_gmt":"2025-05-13T15:14:02","slug":"my-front-page","status":"publish","type":"page","link":"https:\/\/www.klsolutions.it\/de\/","title":{"rendered":"My front page"},"content":{"rendered":"<div data-elementor-type=\"wp-page\" data-elementor-id=\"741\" class=\"elementor elementor-741\" data-elementor-post-type=\"page\">\n\t\t\t\t\t\t<section class=\"elementor-section elementor-top-section elementor-element elementor-element-55fef1c elementor-section-height-min-height elementor-section-boxed elementor-section-height-default elementor-section-items-middle\" data-id=\"55fef1c\" data-element_type=\"section\" data-settings=\"{&quot;background_background&quot;:&quot;classic&quot;}\">\n\t\t\t\t\t\t\t<div class=\"elementor-background-overlay\"><\/div>\n\t\t\t\t\t\t\t<div class=\"elementor-container elementor-column-gap-default\">\n\t\t\t\t\t<div class=\"elementor-column elementor-col-100 elementor-top-column elementor-element elementor-element-b7043ab\" data-id=\"b7043ab\" data-element_type=\"column\">\n\t\t\t<div class=\"elementor-widget-wrap\">\n\t\t\t\t\t\t\t<\/div>\n\t\t<\/div>\n\t\t\t\t\t<\/div>\n\t\t<\/section>\n\t\t\t\t<section class=\"elementor-section elementor-top-section elementor-element elementor-element-8379181 elementor-section-content-middle elementor-reverse-mobile elementor-section-boxed elementor-section-height-default elementor-section-height-default\" data-id=\"8379181\" data-element_type=\"section\" data-settings=\"{&quot;background_background&quot;:&quot;classic&quot;}\">\n\t\t\t\t\t\t<div class=\"elementor-container elementor-column-gap-default\">\n\t\t\t\t\t<div class=\"elementor-column elementor-col-100 elementor-top-column elementor-element elementor-element-4a5723e\" data-id=\"4a5723e\" data-element_type=\"column\">\n\t\t\t<div class=\"elementor-widget-wrap elementor-element-populated\">\n\t\t\t\t<div class=\"elementor-element elementor-element-9510ac6 e-flex e-con-boxed e-con e-parent\" data-id=\"9510ac6\" data-element_type=\"container\">\n\t\t\t\t\t<div class=\"e-con-inner\">\n\t\t<div class=\"elementor-element elementor-element-93594a8 e-con-full e-flex e-con e-child\" data-id=\"93594a8\" data-element_type=\"container\">\n\t\t\t\t<div class=\"elementor-element elementor-element-8f2fb6b elementor-widget elementor-widget-heading\" data-id=\"8f2fb6b\" data-element_type=\"widget\" data-widget_type=\"heading.default\">\n\t\t\t\t<div class=\"elementor-widget-container\">\n\t\t\t\t\t<h2 class=\"elementor-heading-title elementor-size-default\">Hallo, ich bin Ema!<\/h2>\t\t\t\t<\/div>\n\t\t\t\t<\/div>\n\t\t\t\t<div class=\"elementor-element elementor-element-1919a01 elementor-widget elementor-widget-text-editor\" data-id=\"1919a01\" data-element_type=\"widget\" data-widget_type=\"text-editor.default\">\n\t\t\t\t<div class=\"elementor-widget-container\">\n\t\t\t\t\t\t\t\t\t<p class=\"p1\">Ich hei\u00dfe Emanuele und bin Elektriker.<\/p><p class=\"p1\">Nach 30 Jahren Erfahrung in der Branche \u2013 viele davon als Angestellter (mit aufrichtigem Dank an meinen fr\u00fcheren Chef, von dem ich alles gelernt habe) \u2013 habe ich mich entschieden, mein eigenes Unternehmen zu gr\u00fcnden: <strong>KL elektro solution<\/strong>.<\/p><p class=\"p1 translation-block\">Ich habe es aus Leidenschaft getan, denn dieser Beruf ist ein Teil von mir: Ich liebe es, Ordnung ins Kabelchaos zu bringen, L\u00f6sungen zu finden und zu sehen, wie eine Anlage von Grund auf entsteht und perfekt funktioniert.<br>Ich lebe und arbeite in <span class=\"s1\">Meran<\/span> und bin in der gesamten Umgebung t\u00e4tig. Ich k\u00fcmmere mich sowohl um <span class=\"s1\">elektrische Anlagen im Wohnbereich<\/span> \u2013 Wohnh\u00e4user, Renovierungen, Hausautomation \u2013 als auch um <span class=\"s1\">Industrieanlagen<\/span>, Schalttafeln, Video\u00fcberwachung und technische Beleuchtung.<br>Ich glaube an gute Arbeit, an Dinge, die mit Sorgfalt gemacht sind, und vor allem an Vertrauen zwischen Menschen.<\/p><p class=\"p1\">Wenn Sie einen zuverl\u00e4ssigen, bodenst\u00e4ndigen Elektriker mit langj\u00e4hriger Erfahrung suchen \u2026 ich bin f\u00fcr Sie da!<\/p>\t\t\t\t\t\t\t\t<\/div>\n\t\t\t\t<\/div>\n\t\t\t\t<\/div>\n\t\t\t\t<div class=\"elementor-element elementor-element-2d176b6 elementor-hidden-tablet elementor-hidden-mobile elementor-widget elementor-widget-image\" data-id=\"2d176b6\" data-element_type=\"widget\" data-widget_type=\"image.default\">\n\t\t\t\t<div class=\"elementor-widget-container\">\n\t\t\t\t\t\t\t\t\t\t\t\t\t\t\t<img fetchpriority=\"high\" decoding=\"async\" width=\"400\" height=\"600\" src=\"https:\/\/www.klsolutions.it\/wp-content\/uploads\/2025\/05\/solo_ema.png\" class=\"attachment-large size-large wp-image-783\" alt=\"\" srcset=\"https:\/\/www.klsolutions.it\/wp-content\/uploads\/2025\/05\/solo_ema.png 400w, https:\/\/www.klsolutions.it\/wp-content\/uploads\/2025\/05\/solo_ema-200x300.png 200w, https:\/\/www.klsolutions.it\/wp-content\/uploads\/2025\/05\/solo_ema-230x345.png 230w, https:\/\/www.klsolutions.it\/wp-content\/uploads\/2025\/05\/solo_ema-350x525.png 350w\" sizes=\"(max-width: 400px) 100vw, 400px\" \/>\t\t\t\t\t\t\t\t\t\t\t\t\t\t\t<\/div>\n\t\t\t\t<\/div>\n\t\t\t\t\t<\/div>\n\t\t\t\t<\/div>\n\t\t\t\t\t<\/div>\n\t\t<\/div>\n\t\t\t\t\t<\/div>\n\t\t<\/section>\n\t\t\t\t<section class=\"elementor-section elementor-top-section elementor-element elementor-element-f6fc463 elementor-section-content-middle elementor-section-boxed elementor-section-height-default elementor-section-height-default\" data-id=\"f6fc463\" data-element_type=\"section\">\n\t\t\t\t\t\t<div class=\"elementor-container elementor-column-gap-default\">\n\t\t\t\t\t<div class=\"elementor-column elementor-col-100 elementor-top-column elementor-element elementor-element-4a28b96\" data-id=\"4a28b96\" data-element_type=\"column\">\n\t\t\t<div class=\"elementor-widget-wrap elementor-element-populated\">\n\t\t\t\t<div class=\"elementor-element elementor-element-cc86023 e-flex e-con-boxed e-con e-parent\" data-id=\"cc86023\" data-element_type=\"container\">\n\t\t\t\t\t<div class=\"e-con-inner\">\n\t\t<div class=\"elementor-element elementor-element-ffd8d87 e-con-full e-flex elementor-invisible e-con e-child\" data-id=\"ffd8d87\" data-element_type=\"container\" data-settings=\"{&quot;animation&quot;:&quot;bounceInDown&quot;}\">\n\t\t\t\t<div class=\"elementor-element elementor-element-31d66b7 elementor-widget elementor-widget-image\" data-id=\"31d66b7\" data-element_type=\"widget\" data-widget_type=\"image.default\">\n\t\t\t\t<div class=\"elementor-widget-container\">\n\t\t\t\t\t\t\t\t\t\t\t\t\t\t\t\t<a href=\"https:\/\/www.klsolutions.it\/de\/impianti-industriali\/\">\n\t\t\t\t\t\t\t<img decoding=\"async\" width=\"1024\" height=\"1536\" src=\"https:\/\/www.klsolutions.it\/wp-content\/uploads\/2025\/05\/industrial.jpg\" class=\"elementor-animation-wobble-vertical attachment-full size-full wp-image-830\" alt=\"\" srcset=\"https:\/\/www.klsolutions.it\/wp-content\/uploads\/2025\/05\/industrial.jpg 1024w, https:\/\/www.klsolutions.it\/wp-content\/uploads\/2025\/05\/industrial-200x300.jpg 200w, https:\/\/www.klsolutions.it\/wp-content\/uploads\/2025\/05\/industrial-683x1024.jpg 683w, https:\/\/www.klsolutions.it\/wp-content\/uploads\/2025\/05\/industrial-768x1152.jpg 768w, https:\/\/www.klsolutions.it\/wp-content\/uploads\/2025\/05\/industrial-1000x1500.jpg 1000w, https:\/\/www.klsolutions.it\/wp-content\/uploads\/2025\/05\/industrial-230x345.jpg 230w, https:\/\/www.klsolutions.it\/wp-content\/uploads\/2025\/05\/industrial-350x525.jpg 350w, https:\/\/www.klsolutions.it\/wp-content\/uploads\/2025\/05\/industrial-480x720.jpg 480w\" sizes=\"(max-width: 1024px) 100vw, 1024px\" \/>\t\t\t\t\t\t\t\t<\/a>\n\t\t\t\t\t\t\t\t\t\t\t\t\t\t\t<\/div>\n\t\t\t\t<\/div>\n\t\t\t\t<div class=\"elementor-element elementor-element-b369854 elementor-widget elementor-widget-heading\" data-id=\"b369854\" data-element_type=\"widget\" data-widget_type=\"heading.default\">\n\t\t\t\t<div class=\"elementor-widget-container\">\n\t\t\t\t\t<h2 class=\"elementor-heading-title elementor-size-default\">Industrieanlagen<\/h2>\t\t\t\t<\/div>\n\t\t\t\t<\/div>\n\t\t\t\t<\/div>\n\t\t<div class=\"elementor-element elementor-element-7972d2f e-con-full e-flex elementor-invisible e-con e-child\" data-id=\"7972d2f\" data-element_type=\"container\" data-settings=\"{&quot;animation&quot;:&quot;bounceInDown&quot;,&quot;animation_delay&quot;:100}\">\n\t\t\t\t<div class=\"elementor-element elementor-element-4d50da2 elementor-widget elementor-widget-image\" data-id=\"4d50da2\" data-element_type=\"widget\" data-widget_type=\"image.default\">\n\t\t\t\t<div class=\"elementor-widget-container\">\n\t\t\t\t\t\t\t\t\t\t\t\t\t\t\t\t<a href=\"https:\/\/www.klsolutions.it\/de\/illuminazione\/\">\n\t\t\t\t\t\t\t<img decoding=\"async\" width=\"1024\" height=\"1536\" src=\"https:\/\/www.klsolutions.it\/wp-content\/uploads\/2025\/05\/LED.jpg\" class=\"elementor-animation-wobble-vertical attachment-full size-full wp-image-798\" alt=\"\" srcset=\"https:\/\/www.klsolutions.it\/wp-content\/uploads\/2025\/05\/LED.jpg 1024w, https:\/\/www.klsolutions.it\/wp-content\/uploads\/2025\/05\/LED-200x300.jpg 200w, https:\/\/www.klsolutions.it\/wp-content\/uploads\/2025\/05\/LED-683x1024.jpg 683w, https:\/\/www.klsolutions.it\/wp-content\/uploads\/2025\/05\/LED-768x1152.jpg 768w, https:\/\/www.klsolutions.it\/wp-content\/uploads\/2025\/05\/LED-1000x1500.jpg 1000w, https:\/\/www.klsolutions.it\/wp-content\/uploads\/2025\/05\/LED-230x345.jpg 230w, https:\/\/www.klsolutions.it\/wp-content\/uploads\/2025\/05\/LED-350x525.jpg 350w, https:\/\/www.klsolutions.it\/wp-content\/uploads\/2025\/05\/LED-480x720.jpg 480w\" sizes=\"(max-width: 1024px) 100vw, 1024px\" \/>\t\t\t\t\t\t\t\t<\/a>\n\t\t\t\t\t\t\t\t\t\t\t\t\t\t\t<\/div>\n\t\t\t\t<\/div>\n\t\t\t\t<div class=\"elementor-element elementor-element-74a5ee9 elementor-widget elementor-widget-heading\" data-id=\"74a5ee9\" data-element_type=\"widget\" data-widget_type=\"heading.default\">\n\t\t\t\t<div class=\"elementor-widget-container\">\n\t\t\t\t\t<h2 class=\"elementor-heading-title elementor-size-default\">Beleuchtung<\/h2>\t\t\t\t<\/div>\n\t\t\t\t<\/div>\n\t\t\t\t<\/div>\n\t\t<div class=\"elementor-element elementor-element-ac3dc31 e-con-full e-flex elementor-invisible e-con e-child\" data-id=\"ac3dc31\" data-element_type=\"container\" data-settings=\"{&quot;animation&quot;:&quot;bounceInDown&quot;,&quot;animation_delay&quot;:200}\">\n\t\t\t\t<div class=\"elementor-element elementor-element-5b59f9b elementor-widget elementor-widget-image\" data-id=\"5b59f9b\" data-element_type=\"widget\" data-widget_type=\"image.default\">\n\t\t\t\t<div class=\"elementor-widget-container\">\n\t\t\t\t\t\t\t\t\t\t\t\t\t\t\t\t<a href=\"https:\/\/www.klsolutions.it\/de\/videosorveglianza\/\">\n\t\t\t\t\t\t\t<img loading=\"lazy\" decoding=\"async\" width=\"1024\" height=\"1536\" src=\"https:\/\/www.klsolutions.it\/wp-content\/uploads\/2025\/05\/camera.jpg\" class=\"elementor-animation-wobble-vertical attachment-full size-full wp-image-794\" alt=\"\" srcset=\"https:\/\/www.klsolutions.it\/wp-content\/uploads\/2025\/05\/camera.jpg 1024w, https:\/\/www.klsolutions.it\/wp-content\/uploads\/2025\/05\/camera-200x300.jpg 200w, https:\/\/www.klsolutions.it\/wp-content\/uploads\/2025\/05\/camera-683x1024.jpg 683w, https:\/\/www.klsolutions.it\/wp-content\/uploads\/2025\/05\/camera-768x1152.jpg 768w, https:\/\/www.klsolutions.it\/wp-content\/uploads\/2025\/05\/camera-1000x1500.jpg 1000w, https:\/\/www.klsolutions.it\/wp-content\/uploads\/2025\/05\/camera-230x345.jpg 230w, https:\/\/www.klsolutions.it\/wp-content\/uploads\/2025\/05\/camera-350x525.jpg 350w, https:\/\/www.klsolutions.it\/wp-content\/uploads\/2025\/05\/camera-480x720.jpg 480w\" sizes=\"(max-width: 1024px) 100vw, 1024px\" \/>\t\t\t\t\t\t\t\t<\/a>\n\t\t\t\t\t\t\t\t\t\t\t\t\t\t\t<\/div>\n\t\t\t\t<\/div>\n\t\t\t\t<div class=\"elementor-element elementor-element-72423e8 elementor-widget elementor-widget-heading\" data-id=\"72423e8\" data-element_type=\"widget\" data-widget_type=\"heading.default\">\n\t\t\t\t<div class=\"elementor-widget-container\">\n\t\t\t\t\t<h2 class=\"elementor-heading-title elementor-size-default\">Video\u00fcberwachung<\/h2>\t\t\t\t<\/div>\n\t\t\t\t<\/div>\n\t\t\t\t<\/div>\n\t\t\t\t\t<\/div>\n\t\t\t\t<\/div>\n\t\t<div class=\"elementor-element elementor-element-7160083 e-flex e-con-boxed e-con e-parent\" data-id=\"7160083\" data-element_type=\"container\">\n\t\t\t\t\t<div class=\"e-con-inner\">\n\t\t<div class=\"elementor-element elementor-element-11d23ad e-con-full e-flex elementor-invisible e-con e-child\" data-id=\"11d23ad\" data-element_type=\"container\" data-settings=\"{&quot;animation&quot;:&quot;bounceInDown&quot;}\">\n\t\t\t\t<div class=\"elementor-element elementor-element-748accc elementor-widget elementor-widget-image\" data-id=\"748accc\" data-element_type=\"widget\" data-widget_type=\"image.default\">\n\t\t\t\t<div class=\"elementor-widget-container\">\n\t\t\t\t\t\t\t\t\t\t\t\t\t\t\t\t<a href=\"https:\/\/www.klsolutions.it\/de\/impianti-civili\/\">\n\t\t\t\t\t\t\t<img loading=\"lazy\" decoding=\"async\" width=\"1024\" height=\"1536\" src=\"https:\/\/www.klsolutions.it\/wp-content\/uploads\/2025\/05\/traccia.jpg\" class=\"elementor-animation-wobble-vertical attachment-full size-full wp-image-791\" alt=\"\" srcset=\"https:\/\/www.klsolutions.it\/wp-content\/uploads\/2025\/05\/traccia.jpg 1024w, https:\/\/www.klsolutions.it\/wp-content\/uploads\/2025\/05\/traccia-200x300.jpg 200w, https:\/\/www.klsolutions.it\/wp-content\/uploads\/2025\/05\/traccia-683x1024.jpg 683w, https:\/\/www.klsolutions.it\/wp-content\/uploads\/2025\/05\/traccia-768x1152.jpg 768w, https:\/\/www.klsolutions.it\/wp-content\/uploads\/2025\/05\/traccia-1000x1500.jpg 1000w, https:\/\/www.klsolutions.it\/wp-content\/uploads\/2025\/05\/traccia-230x345.jpg 230w, https:\/\/www.klsolutions.it\/wp-content\/uploads\/2025\/05\/traccia-350x525.jpg 350w, https:\/\/www.klsolutions.it\/wp-content\/uploads\/2025\/05\/traccia-480x720.jpg 480w\" sizes=\"(max-width: 1024px) 100vw, 1024px\" \/>\t\t\t\t\t\t\t\t<\/a>\n\t\t\t\t\t\t\t\t\t\t\t\t\t\t\t<\/div>\n\t\t\t\t<\/div>\n\t\t\t\t<div class=\"elementor-element elementor-element-c546530 elementor-widget elementor-widget-heading\" data-id=\"c546530\" data-element_type=\"widget\" data-widget_type=\"heading.default\">\n\t\t\t\t<div class=\"elementor-widget-container\">\n\t\t\t\t\t<h2 class=\"elementor-heading-title elementor-size-default\">Wohnungsinstallationen<\/h2>\t\t\t\t<\/div>\n\t\t\t\t<\/div>\n\t\t\t\t<\/div>\n\t\t<div class=\"elementor-element elementor-element-cc72cd3 e-con-full e-flex elementor-invisible e-con e-child\" data-id=\"cc72cd3\" data-element_type=\"container\" data-settings=\"{&quot;animation&quot;:&quot;bounceInDown&quot;,&quot;animation_delay&quot;:100}\">\n\t\t\t\t<div class=\"elementor-element elementor-element-1df9aa3 elementor-widget elementor-widget-image\" data-id=\"1df9aa3\" data-element_type=\"widget\" data-widget_type=\"image.default\">\n\t\t\t\t<div class=\"elementor-widget-container\">\n\t\t\t\t\t\t\t\t\t\t\t\t\t\t\t\t<a href=\"https:\/\/www.klsolutions.it\/de\/domotica\/\">\n\t\t\t\t\t\t\t<img loading=\"lazy\" decoding=\"async\" width=\"1024\" height=\"1536\" src=\"https:\/\/www.klsolutions.it\/wp-content\/uploads\/2025\/05\/domotica.jpg\" class=\"elementor-animation-wobble-vertical attachment-full size-full wp-image-829\" alt=\"\" srcset=\"https:\/\/www.klsolutions.it\/wp-content\/uploads\/2025\/05\/domotica.jpg 1024w, https:\/\/www.klsolutions.it\/wp-content\/uploads\/2025\/05\/domotica-200x300.jpg 200w, https:\/\/www.klsolutions.it\/wp-content\/uploads\/2025\/05\/domotica-683x1024.jpg 683w, https:\/\/www.klsolutions.it\/wp-content\/uploads\/2025\/05\/domotica-768x1152.jpg 768w, https:\/\/www.klsolutions.it\/wp-content\/uploads\/2025\/05\/domotica-1000x1500.jpg 1000w, https:\/\/www.klsolutions.it\/wp-content\/uploads\/2025\/05\/domotica-230x345.jpg 230w, https:\/\/www.klsolutions.it\/wp-content\/uploads\/2025\/05\/domotica-350x525.jpg 350w, https:\/\/www.klsolutions.it\/wp-content\/uploads\/2025\/05\/domotica-480x720.jpg 480w\" sizes=\"(max-width: 1024px) 100vw, 1024px\" \/>\t\t\t\t\t\t\t\t<\/a>\n\t\t\t\t\t\t\t\t\t\t\t\t\t\t\t<\/div>\n\t\t\t\t<\/div>\n\t\t\t\t<div class=\"elementor-element elementor-element-b18b9ba elementor-widget elementor-widget-heading\" data-id=\"b18b9ba\" data-element_type=\"widget\" data-widget_type=\"heading.default\">\n\t\t\t\t<div class=\"elementor-widget-container\">\n\t\t\t\t\t<h2 class=\"elementor-heading-title elementor-size-default\">Hausautomation<\/h2>\t\t\t\t<\/div>\n\t\t\t\t<\/div>\n\t\t\t\t<\/div>\n\t\t<div class=\"elementor-element elementor-element-8cf0e67 e-con-full e-flex elementor-invisible e-con e-child\" data-id=\"8cf0e67\" data-element_type=\"container\" data-settings=\"{&quot;animation&quot;:&quot;bounceInDown&quot;,&quot;animation_delay&quot;:200}\">\n\t\t\t\t<div class=\"elementor-element elementor-element-98e9f49 elementor-widget elementor-widget-image\" data-id=\"98e9f49\" data-element_type=\"widget\" data-widget_type=\"image.default\">\n\t\t\t\t<div class=\"elementor-widget-container\">\n\t\t\t\t\t\t\t\t\t\t\t\t\t\t\t\t<a href=\"https:\/\/www.klsolutions.it\/de\/linee-dati\/\">\n\t\t\t\t\t\t\t<img loading=\"lazy\" decoding=\"async\" width=\"1024\" height=\"1536\" src=\"https:\/\/www.klsolutions.it\/wp-content\/uploads\/2025\/05\/rack.jpg\" class=\"elementor-animation-wobble-vertical attachment-full size-full wp-image-793\" alt=\"\" srcset=\"https:\/\/www.klsolutions.it\/wp-content\/uploads\/2025\/05\/rack.jpg 1024w, https:\/\/www.klsolutions.it\/wp-content\/uploads\/2025\/05\/rack-200x300.jpg 200w, https:\/\/www.klsolutions.it\/wp-content\/uploads\/2025\/05\/rack-683x1024.jpg 683w, https:\/\/www.klsolutions.it\/wp-content\/uploads\/2025\/05\/rack-768x1152.jpg 768w, https:\/\/www.klsolutions.it\/wp-content\/uploads\/2025\/05\/rack-1000x1500.jpg 1000w, https:\/\/www.klsolutions.it\/wp-content\/uploads\/2025\/05\/rack-230x345.jpg 230w, https:\/\/www.klsolutions.it\/wp-content\/uploads\/2025\/05\/rack-350x525.jpg 350w, https:\/\/www.klsolutions.it\/wp-content\/uploads\/2025\/05\/rack-480x720.jpg 480w\" sizes=\"(max-width: 1024px) 100vw, 1024px\" \/>\t\t\t\t\t\t\t\t<\/a>\n\t\t\t\t\t\t\t\t\t\t\t\t\t\t\t<\/div>\n\t\t\t\t<\/div>\n\t\t\t\t<div class=\"elementor-element elementor-element-890bbc2 elementor-widget elementor-widget-heading\" data-id=\"890bbc2\" data-element_type=\"widget\" data-widget_type=\"heading.default\">\n\t\t\t\t<div class=\"elementor-widget-container\">\n\t\t\t\t\t<h2 class=\"elementor-heading-title elementor-size-default\">Netzwerkverkabelung<\/h2>\t\t\t\t<\/div>\n\t\t\t\t<\/div>\n\t\t\t\t<\/div>\n\t\t\t\t\t<\/div>\n\t\t\t\t<\/div>\n\t\t\t\t\t<\/div>\n\t\t<\/div>\n\t\t\t\t\t<\/div>\n\t\t<\/section>\n\t\t\t\t<section class=\"elementor-section elementor-top-section elementor-element elementor-element-8ac0da9 elementor-section-boxed elementor-section-height-default elementor-section-height-default\" data-id=\"8ac0da9\" data-element_type=\"section\" data-settings=\"{&quot;background_background&quot;:&quot;classic&quot;}\">\n\t\t\t\t\t\t<div class=\"elementor-container elementor-column-gap-extended\">\n\t\t\t\t\t<div class=\"elementor-column elementor-col-100 elementor-top-column elementor-element elementor-element-ff2013c\" data-id=\"ff2013c\" data-element_type=\"column\">\n\t\t\t<div class=\"elementor-widget-wrap elementor-element-populated\">\n\t\t\t\t<div class=\"elementor-element elementor-element-134a696 e-flex e-con-boxed e-con e-parent\" data-id=\"134a696\" data-element_type=\"container\">\n\t\t\t\t\t<div class=\"e-con-inner\">\n\t\t\t\t<div class=\"elementor-element elementor-element-874754f elementor-invisible elementor-widget elementor-widget-image\" data-id=\"874754f\" data-element_type=\"widget\" data-settings=\"{&quot;_animation&quot;:&quot;bounceInLeft&quot;}\" data-widget_type=\"image.default\">\n\t\t\t\t<div class=\"elementor-widget-container\">\n\t\t\t\t\t\t\t\t\t\t\t\t\t\t\t<img loading=\"lazy\" decoding=\"async\" width=\"1024\" height=\"1024\" src=\"https:\/\/www.klsolutions.it\/wp-content\/uploads\/2025\/05\/progetto.jpg\" class=\"attachment-full size-full wp-image-797\" alt=\"\" srcset=\"https:\/\/www.klsolutions.it\/wp-content\/uploads\/2025\/05\/progetto.jpg 1024w, https:\/\/www.klsolutions.it\/wp-content\/uploads\/2025\/05\/progetto-300x300.jpg 300w, https:\/\/www.klsolutions.it\/wp-content\/uploads\/2025\/05\/progetto-150x150.jpg 150w, https:\/\/www.klsolutions.it\/wp-content\/uploads\/2025\/05\/progetto-768x768.jpg 768w, https:\/\/www.klsolutions.it\/wp-content\/uploads\/2025\/05\/progetto-1000x1000.jpg 1000w, https:\/\/www.klsolutions.it\/wp-content\/uploads\/2025\/05\/progetto-230x230.jpg 230w, https:\/\/www.klsolutions.it\/wp-content\/uploads\/2025\/05\/progetto-350x350.jpg 350w, https:\/\/www.klsolutions.it\/wp-content\/uploads\/2025\/05\/progetto-480x480.jpg 480w\" sizes=\"(max-width: 1024px) 100vw, 1024px\" \/>\t\t\t\t\t\t\t\t\t\t\t\t\t\t\t<\/div>\n\t\t\t\t<\/div>\n\t\t<div class=\"elementor-element elementor-element-52e2c83 e-con-full e-flex e-con e-child\" data-id=\"52e2c83\" data-element_type=\"container\">\n\t\t\t\t<div class=\"elementor-element elementor-element-46fca0e elementor-widget elementor-widget-heading\" data-id=\"46fca0e\" data-element_type=\"widget\" data-widget_type=\"heading.default\">\n\t\t\t\t<div class=\"elementor-widget-container\">\n\t\t\t\t\t<h2 class=\"elementor-heading-title elementor-size-default\">Haben Sie ein Projekt im Kopf?<\/h2>\t\t\t\t<\/div>\n\t\t\t\t<\/div>\n\t\t\t\t<div class=\"elementor-element elementor-element-800540c elementor-widget elementor-widget-heading\" data-id=\"800540c\" data-element_type=\"widget\" data-widget_type=\"heading.default\">\n\t\t\t\t<div class=\"elementor-widget-container\">\n\t\t\t\t\t<h2 class=\"elementor-heading-title elementor-size-default\">Lassen Sie es uns gemeinsam umsetzen.<\/h2>\t\t\t\t<\/div>\n\t\t\t\t<\/div>\n\t\t\t\t<div class=\"elementor-element elementor-element-2714f2d elementor-widget elementor-widget-text-editor\" data-id=\"2714f2d\" data-element_type=\"widget\" data-widget_type=\"text-editor.default\">\n\t\t\t\t<div class=\"elementor-widget-container\">\n\t\t\t\t\t\t\t\t\t<p class=\"p1 translation-block\">Ob es sich um eine komplexe gewerbliche oder industrielle Anlage oder um eine Renovierung im privaten Bereich handelt \u2013 ich stehe Ihnen mit Kompetenz und Leidenschaft zur Seite.<br>Bei Bedarf arbeite ich mit einem Netzwerk aus <span class=\"s1\">seri\u00f6sen und qualifizierten Fachleuten<\/span> zusammen, um eine pr\u00e4zise, sichere und in jedem Detail vollst\u00e4ndige Ausf\u00fchrung zu gew\u00e4hrleisten.<\/p><p class=\"p1 translation-block\">Ich arbeite im Einklang mit den geltenden Vorschriften und stelle alle erforderlichen <span class=\"s1\">Konformit\u00e4tsbescheinigungen<\/span> aus, denn jede Anlage soll nicht nur funktional, sondern auch garantiert sicher sein.<\/p><p class=\"p1\"><span class=\"s1\">Contattami oggi stesso<\/span> e illustrami il tuo progetto: troveremo insieme la soluzione migliore, senza sorprese!<\/p>\t\t\t\t\t\t\t\t<\/div>\n\t\t\t\t<\/div>\n\t\t\t\t<div class=\"elementor-element elementor-element-393df9a elementor-mobile-align-center elementor-invisible elementor-widget elementor-widget-button\" data-id=\"393df9a\" data-element_type=\"widget\" data-settings=\"{&quot;_animation&quot;:&quot;bounceInDown&quot;}\" data-widget_type=\"button.default\">\n\t\t\t\t<div class=\"elementor-widget-container\">\n\t\t\t\t\t\t\t\t\t<div class=\"elementor-button-wrapper\">\n\t\t\t\t\t<a class=\"elementor-button elementor-button-link elementor-size-sm\" href=\"https:\/\/www.klsolutions.it\/de\/contatti\/\">\n\t\t\t\t\t\t<span class=\"elementor-button-content-wrapper\">\n\t\t\t\t\t\t\t\t\t<span class=\"elementor-button-text\">KONTAKT<\/span>\n\t\t\t\t\t<\/span>\n\t\t\t\t\t<\/a>\n\t\t\t\t<\/div>\n\t\t\t\t\t\t\t\t<\/div>\n\t\t\t\t<\/div>\n\t\t\t\t<\/div>\n\t\t\t\t\t<\/div>\n\t\t\t\t<\/div>\n\t\t\t\t\t<\/div>\n\t\t<\/div>\n\t\t\t\t\t<\/div>\n\t\t<\/section>\n\t\t\t\t<section class=\"elementor-section elementor-top-section elementor-element elementor-element-95ba4bb elementor-section-content-middle elementor-section-boxed elementor-section-height-default elementor-section-height-default\" data-id=\"95ba4bb\" data-element_type=\"section\" data-settings=\"{&quot;background_background&quot;:&quot;classic&quot;}\">\n\t\t\t\t\t\t<div class=\"elementor-container elementor-column-gap-default\">\n\t\t\t\t\t<div class=\"elementor-column elementor-col-100 elementor-top-column elementor-element elementor-element-6e45dfd\" data-id=\"6e45dfd\" data-element_type=\"column\">\n\t\t\t<div class=\"elementor-widget-wrap\">\n\t\t\t\t\t\t\t<\/div>\n\t\t<\/div>\n\t\t\t\t\t<\/div>\n\t\t<\/section>\n\t\t\t\t<\/div>","protected":false},"excerpt":{"rendered":"<p>Ciao, sono Ema! Mi chiamo Emanuele e faccio l\u2019elettricista. Dopo 30 anni di esperienza nel settore, di cui tanti passati a lavorare [&hellip;]<\/p>","protected":false},"author":1,"featured_media":0,"parent":0,"menu_order":0,"comment_status":"closed","ping_status":"closed","template":"page-templates\/page_front-page.php","meta":{"footnotes":""},"class_list":["post-741","page","type-page","status-publish","hentry"],"_links":{"self":[{"href":"https:\/\/www.klsolutions.it\/de\/wp-json\/wp\/v2\/pages\/741","targetHints":{"allow":["GET"]}}],"collection":[{"href":"https:\/\/www.klsolutions.it\/de\/wp-json\/wp\/v2\/pages"}],"about":[{"href":"https:\/\/www.klsolutions.it\/de\/wp-json\/wp\/v2\/types\/page"}],"author":[{"embeddable":true,"href":"https:\/\/www.klsolutions.it\/de\/wp-json\/wp\/v2\/users\/1"}],"replies":[{"embeddable":true,"href":"https:\/\/www.klsolutions.it\/de\/wp-json\/wp\/v2\/comments?post=741"}],"version-history":[{"count":87,"href":"https:\/\/www.klsolutions.it\/de\/wp-json\/wp\/v2\/pages\/741\/revisions"}],"predecessor-version":[{"id":1057,"href":"https:\/\/www.klsolutions.it\/de\/wp-json\/wp\/v2\/pages\/741\/revisions\/1057"}],"wp:attachment":[{"href":"https:\/\/www.klsolutions.it\/de\/wp-json\/wp\/v2\/media?parent=741"}],"curies":[{"name":"wp","href":"https:\/\/api.w.org\/{rel}","templated":true}]}}