{"id":840,"date":"2025-05-12T12:32:41","date_gmt":"2025-05-12T10:32:41","guid":{"rendered":"https:\/\/www.klsolutions.it\/?page_id=840"},"modified":"2025-05-12T15:22:41","modified_gmt":"2025-05-12T13:22:41","slug":"impianti-industriali","status":"publish","type":"page","link":"https:\/\/www.klsolutions.it\/de\/impianti-industriali\/","title":{"rendered":"Industrieanlagen"},"content":{"rendered":"<div data-elementor-type=\"wp-page\" data-elementor-id=\"840\" class=\"elementor elementor-840\" data-elementor-post-type=\"page\">\n\t\t\t\t\t\t<section class=\"elementor-section elementor-top-section elementor-element elementor-element-4fd1370 elementor-section-height-min-height elementor-section-boxed elementor-section-height-default elementor-section-items-middle\" data-id=\"4fd1370\" data-element_type=\"section\" data-settings=\"{&quot;background_background&quot;:&quot;classic&quot;}\">\n\t\t\t\t\t\t\t<div class=\"elementor-background-overlay\"><\/div>\n\t\t\t\t\t\t\t<div class=\"elementor-container elementor-column-gap-default\">\n\t\t\t\t\t<div class=\"elementor-column elementor-col-100 elementor-top-column elementor-element elementor-element-8db253a\" data-id=\"8db253a\" data-element_type=\"column\">\n\t\t\t<div class=\"elementor-widget-wrap\">\n\t\t\t\t\t\t\t<\/div>\n\t\t<\/div>\n\t\t\t\t\t<\/div>\n\t\t<\/section>\n\t\t<div class=\"elementor-element elementor-element-45f1f3f e-flex e-con-boxed e-con e-parent\" data-id=\"45f1f3f\" data-element_type=\"container\">\n\t\t\t\t\t<div class=\"e-con-inner\">\n\t\t\t\t<div class=\"elementor-element elementor-element-c0a26ed elementor-widget elementor-widget-heading\" data-id=\"c0a26ed\" data-element_type=\"widget\" data-widget_type=\"heading.default\">\n\t\t\t\t<div class=\"elementor-widget-container\">\n\t\t\t\t\t<h2 class=\"elementor-heading-title elementor-size-default\">Industrieanlagen<\/h2>\t\t\t\t<\/div>\n\t\t\t\t<\/div>\n\t\t\t\t<div class=\"elementor-element elementor-element-c65a592 elementor-widget elementor-widget-text-editor\" data-id=\"c65a592\" data-element_type=\"widget\" data-widget_type=\"text-editor.default\">\n\t\t\t\t<div class=\"elementor-widget-container\">\n\t\t\t\t\t\t\t\t\t<p class=\"p1 translation-block\">Industrieanlagen sind meine Spezialit\u00e4t.\u00a0<span class=\"s1\">KL Solution<\/span> ist ein junges Unternehmen, das jedoch auf \u00fcber drei\u00dfig Jahre praktische Erfahrung im Elektrobereich zur\u00fcckblicken kann.<\/p><p class=\"p1 translation-block\">An der Spitze steht kein improvisiertes Start-up, sondern ein Fachmann, der sich nach einer langen Karriere an der Seite von Unternehmen, Handwerksbetrieben und Industriepartnern in der Region selbstst\u00e4ndig gemacht hat.<br>Der Schwerpunkt der T\u00e4tigkeit liegt auf <span class=\"s1\">industriellen Elektroanlagen<\/span> \u2013 Umgebungen, in denen Zuverl\u00e4ssigkeit keine Option, sondern eine Grundvoraussetzung f\u00fcr sicheres und unterbrechungsfreies Arbeiten ist.<\/p><p class=\"p3 translation-block\"><span class=\"s2\">KL Solution ist in <\/span>Meran und in der gesamten Umgebung t\u00e4tig<span class=\"s2\"> und bietet einen umfassenden technischen Service \u2013 von der <\/span>Planung<span class=\"s2\"> \u00fcber die <\/span>Ausf\u00fchrung<span class=\"s2\"> bis hin zur <\/span>regelm\u00e4\u00dfigen Wartung<span class=\"s2\">, einschlie\u00dflich <\/span>Normanpassungen<span class=\"s2\">, <\/span>Erweiterungen<span class=\"s2\"> oder <\/span>funktionalen Umgestaltungen<span class=\"s2\">.<\/span><\/p><p class=\"p1 translation-block\">Die Philosophie ist einfach: dem Kunden zuh\u00f6ren, seine Bed\u00fcrfnisse wirklich verstehen und technisch fundierte, auf Langlebigkeit ausgelegte L\u00f6sungen anbieten. Ob es sich um <span class=\"s1\">Schaltschr\u00e4nke<\/span>, <span class=\"s1\">Niederspannungsverteilungen<\/span>, <span class=\"s1\">Stromversorgungsleitungen f\u00fcr Maschinen<\/span>, <span class=\"s1\">technische Beleuchtungssysteme<\/span> oder <span class=\"s1\">Prozessautomatisierung<\/span> handelt \u2013 jede Anlage wird mit handwerklicher Sorgfalt und ingenieurtechnischer Pr\u00e4zision umgesetzt.<br>KL Solution arbeitet gem\u00e4\u00df den CEI-Normen und k\u00fcmmert sich direkt um die <span class=\"s1\">technische Dokumentation und die Konformit\u00e4tsbescheinigungen<\/span>, um dem Kunden ein schl\u00fcsselfertiges Gesamtpaket zu bieten, das ihn von allen technischen und b\u00fcrokratischen Aufgaben entlastet.<\/p><p class=\"p1\">Das Ziel ist es, auch f\u00fcr strukturierte und komplexe Unternehmen ein zuverl\u00e4ssiger, schneller und transparenter Ansprechpartner zu werden \u2013 denn gute Arbeit beginnt mit einer guten Anlage.<\/p>\t\t\t\t\t\t\t\t<\/div>\n\t\t\t\t<\/div>\n\t\t\t\t\t<\/div>\n\t\t\t\t<\/div>\n\t\t<div class=\"elementor-element elementor-element-4d99755 e-flex e-con-boxed e-con e-parent\" data-id=\"4d99755\" data-element_type=\"container\">\n\t\t\t\t\t<div class=\"e-con-inner\">\n\t\t<div class=\"elementor-element elementor-element-14c22e2 e-con-full e-flex e-con e-child\" data-id=\"14c22e2\" data-element_type=\"container\">\n\t\t\t\t<div class=\"elementor-element elementor-element-d20d546 elementor-widget elementor-widget-heading\" data-id=\"d20d546\" data-element_type=\"widget\" data-widget_type=\"heading.default\">\n\t\t\t\t<div class=\"elementor-widget-container\">\n\t\t\t\t\t<h2 class=\"elementor-heading-title elementor-size-default\">Haben Sie ein Projekt im Kopf?<\/h2>\t\t\t\t<\/div>\n\t\t\t\t<\/div>\n\t\t\t\t<div class=\"elementor-element elementor-element-a3158e3 elementor-widget elementor-widget-heading\" data-id=\"a3158e3\" data-element_type=\"widget\" data-widget_type=\"heading.default\">\n\t\t\t\t<div class=\"elementor-widget-container\">\n\t\t\t\t\t<h2 class=\"elementor-heading-title elementor-size-default\">Lassen Sie es uns gemeinsam umsetzen.<\/h2>\t\t\t\t<\/div>\n\t\t\t\t<\/div>\n\t\t\t\t<\/div>\n\t\t<div class=\"elementor-element elementor-element-b8ade7a e-con-full e-flex e-con e-child\" data-id=\"b8ade7a\" data-element_type=\"container\">\n\t\t\t\t<div class=\"elementor-element elementor-element-b7109e8 elementor-widget elementor-widget-button\" data-id=\"b7109e8\" data-element_type=\"widget\" data-widget_type=\"button.default\">\n\t\t\t\t<div class=\"elementor-widget-container\">\n\t\t\t\t\t\t\t\t\t<div class=\"elementor-button-wrapper\">\n\t\t\t\t\t<a class=\"elementor-button elementor-button-link elementor-size-sm\" href=\"https:\/\/www.klsolutions.it\/de\/contatti\/\">\n\t\t\t\t\t\t<span class=\"elementor-button-content-wrapper\">\n\t\t\t\t\t\t\t\t\t<span class=\"elementor-button-text\">KONTAKT<\/span>\n\t\t\t\t\t<\/span>\n\t\t\t\t\t<\/a>\n\t\t\t\t<\/div>\n\t\t\t\t\t\t\t\t<\/div>\n\t\t\t\t<\/div>\n\t\t\t\t<\/div>\n\t\t\t\t\t<\/div>\n\t\t\t\t<\/div>\n\t\t\t\t<\/div>","protected":false},"excerpt":{"rendered":"<p>Impianti industriali Gli impianti industriali sono la mia specialit\u00e0.\u00a0KL Solution \u00e8 una realt\u00e0 giovane ma con alle spalle un\u2019esperienza tecnica costruita sul [&hellip;]<\/p>","protected":false},"author":1,"featured_media":0,"parent":0,"menu_order":0,"comment_status":"closed","ping_status":"closed","template":"page-templates\/page_front-page.php","meta":{"footnotes":""},"class_list":["post-840","page","type-page","status-publish","hentry"],"_links":{"self":[{"href":"https:\/\/www.klsolutions.it\/de\/wp-json\/wp\/v2\/pages\/840","targetHints":{"allow":["GET"]}}],"collection":[{"href":"https:\/\/www.klsolutions.it\/de\/wp-json\/wp\/v2\/pages"}],"about":[{"href":"https:\/\/www.klsolutions.it\/de\/wp-json\/wp\/v2\/types\/page"}],"author":[{"embeddable":true,"href":"https:\/\/www.klsolutions.it\/de\/wp-json\/wp\/v2\/users\/1"}],"replies":[{"embeddable":true,"href":"https:\/\/www.klsolutions.it\/de\/wp-json\/wp\/v2\/comments?post=840"}],"version-history":[{"count":31,"href":"https:\/\/www.klsolutions.it\/de\/wp-json\/wp\/v2\/pages\/840\/revisions"}],"predecessor-version":[{"id":1016,"href":"https:\/\/www.klsolutions.it\/de\/wp-json\/wp\/v2\/pages\/840\/revisions\/1016"}],"wp:attachment":[{"href":"https:\/\/www.klsolutions.it\/de\/wp-json\/wp\/v2\/media?parent=840"}],"curies":[{"name":"wp","href":"https:\/\/api.w.org\/{rel}","templated":true}]}}