{"id":915,"date":"2025-05-12T13:27:14","date_gmt":"2025-05-12T11:27:14","guid":{"rendered":"https:\/\/www.klsolutions.it\/?page_id=915"},"modified":"2025-05-12T15:23:22","modified_gmt":"2025-05-12T13:23:22","slug":"illuminazione","status":"publish","type":"page","link":"https:\/\/www.klsolutions.it\/de\/illuminazione\/","title":{"rendered":"Beleuchtung"},"content":{"rendered":"<div data-elementor-type=\"wp-page\" data-elementor-id=\"915\" class=\"elementor elementor-915\" data-elementor-post-type=\"page\">\n\t\t\t\t\t\t<section class=\"elementor-section elementor-top-section elementor-element elementor-element-4fd1370 elementor-section-height-min-height elementor-section-boxed elementor-section-height-default elementor-section-items-middle\" data-id=\"4fd1370\" data-element_type=\"section\" data-settings=\"{&quot;background_background&quot;:&quot;classic&quot;}\">\n\t\t\t\t\t\t\t<div class=\"elementor-background-overlay\"><\/div>\n\t\t\t\t\t\t\t<div class=\"elementor-container elementor-column-gap-default\">\n\t\t\t\t\t<div class=\"elementor-column elementor-col-100 elementor-top-column elementor-element elementor-element-8db253a\" data-id=\"8db253a\" data-element_type=\"column\">\n\t\t\t<div class=\"elementor-widget-wrap\">\n\t\t\t\t\t\t\t<\/div>\n\t\t<\/div>\n\t\t\t\t\t<\/div>\n\t\t<\/section>\n\t\t<div class=\"elementor-element elementor-element-45f1f3f e-flex e-con-boxed e-con e-parent\" data-id=\"45f1f3f\" data-element_type=\"container\">\n\t\t\t\t\t<div class=\"e-con-inner\">\n\t\t\t\t<div class=\"elementor-element elementor-element-c0a26ed elementor-widget elementor-widget-heading\" data-id=\"c0a26ed\" data-element_type=\"widget\" data-widget_type=\"heading.default\">\n\t\t\t\t<div class=\"elementor-widget-container\">\n\t\t\t\t\t<h2 class=\"elementor-heading-title elementor-size-default\">Beleuchtung<\/h2>\t\t\t\t<\/div>\n\t\t\t\t<\/div>\n\t\t\t\t<div class=\"elementor-element elementor-element-c65a592 elementor-widget elementor-widget-text-editor\" data-id=\"c65a592\" data-element_type=\"widget\" data-widget_type=\"text-editor.default\">\n\t\t\t\t<div class=\"elementor-widget-container\">\n\t\t\t\t\t\t\t\t\t<p class=\"p1\">Das richtige Licht macht den Unterschied. Es geht nicht nur um \u00c4sthetik, sondern auch um Funktionalit\u00e4t, Sicherheit, Energieeinsparung und Komfort.<\/p><p class=\"p1 translation-block\"><span class=\"s1\">KL Solution<\/span> ist ein junges Unternehmen, bringt jedoch \u00fcber drei\u00dfig Jahre praktische Erfahrung in Wohn-, Handwerks-, Produktions- und Gewerbebereichen mit.<br>Ob es darum geht, die Beleuchtung f\u00fcr ein <span class=\"s1\">privates Wohnhaus<\/span>, ein <span class=\"s1\">Gesch\u00e4ft<\/span>, ein <span class=\"s1\">B\u00fcro<\/span> oder eine <span class=\"s1\">Industriehalle<\/span> zu planen \u2013 der Ansatz bleibt derselbe: Ausgangspunkt ist eine sorgf\u00e4ltige Analyse der R\u00e4ume und Kundenbed\u00fcrfnisse, mit dem Ziel, eine <span class=\"s1\">ma\u00dfgeschneiderte L\u00f6sung<\/span> zu entwickeln, die funktional ist und sich harmonisch in die Umgebung einf\u00fcgt.<\/p><p class=\"p1 translation-block\">Im <span class=\"s1\">Wohnbereich<\/span> realisiert KL Solution Innen- und Au\u00dfenbeleuchtungsanlagen \u2013 auch mit <span class=\"s1\">Smart-Home-L\u00f6sungen<\/span>, <span class=\"s1\">LED-Technik<\/span> und <span class=\"s1\">energieeffizienten Systemen<\/span> \u2013 und gew\u00e4hrleistet dabei visuellen Komfort, Lichtqualit\u00e4t und eine lange Lebensdauer.<\/p><p class=\"p1 translation-block\">Im <span class=\"s1\">Industriebereich<\/span> plant und installiert KL Solution Beleuchtungssysteme f\u00fcr Produktionsabteilungen, Lager, Parkpl\u00e4tze, Ladezonen und spezielle Umgebungen \u2013 mit besonderem Augenmerk auf die <span class=\"s1\">Norm EN 12464<\/span>, die <span class=\"s1\">Effizienz<\/span> und die <span class=\"s1\">Widerstandsf\u00e4higkeit der Anlagen<\/span>.<\/p><p class=\"p1 translation-block\">Jedes Projekt wird mit gro\u00dfer Sorgfalt betreut \u2013 von der Auswahl der Leuchtmittel \u00fcber die elektrische Auslegung bis hin zur Installation und Inbetriebnahme. Und selbstverst\u00e4ndlich wird alles mit <span class=\"s1\">Konformit\u00e4tsbescheinigungen<\/span> und vollst\u00e4ndiger technischer Dokumentation \u00fcbergeben.<br>Dank eines Netzwerks zuverl\u00e4ssiger Lieferanten und der Zusammenarbeit mit anderen Fachleuten der Branche kann <span class=\"s1\">KL Solution<\/span> moderne, leistungsstarke und technologisch fortschrittliche L\u00f6sungen anbieten.<\/p>\t\t\t\t\t\t\t\t<\/div>\n\t\t\t\t<\/div>\n\t\t\t\t\t<\/div>\n\t\t\t\t<\/div>\n\t\t<div class=\"elementor-element elementor-element-4d99755 e-flex e-con-boxed e-con e-parent\" data-id=\"4d99755\" data-element_type=\"container\">\n\t\t\t\t\t<div class=\"e-con-inner\">\n\t\t<div class=\"elementor-element elementor-element-14c22e2 e-con-full e-flex e-con e-child\" data-id=\"14c22e2\" data-element_type=\"container\">\n\t\t\t\t<div class=\"elementor-element elementor-element-d20d546 elementor-widget elementor-widget-heading\" data-id=\"d20d546\" data-element_type=\"widget\" data-widget_type=\"heading.default\">\n\t\t\t\t<div class=\"elementor-widget-container\">\n\t\t\t\t\t<h2 class=\"elementor-heading-title elementor-size-default\">M\u00f6chten Sie Ihre Beleuchtung erneuern oder eine neue Anlage planen?<\/h2>\t\t\t\t<\/div>\n\t\t\t\t<\/div>\n\t\t\t\t<div class=\"elementor-element elementor-element-a3158e3 elementor-widget elementor-widget-heading\" data-id=\"a3158e3\" data-element_type=\"widget\" data-widget_type=\"heading.default\">\n\t\t\t\t<div class=\"elementor-widget-container\">\n\t\t\t\t\t<h2 class=\"elementor-heading-title elementor-size-default\">Kontaktieren Sie uns noch heute!<\/h2>\t\t\t\t<\/div>\n\t\t\t\t<\/div>\n\t\t\t\t<\/div>\n\t\t<div class=\"elementor-element elementor-element-b8ade7a e-con-full e-flex e-con e-child\" data-id=\"b8ade7a\" data-element_type=\"container\">\n\t\t\t\t<div class=\"elementor-element elementor-element-b7109e8 elementor-widget elementor-widget-button\" data-id=\"b7109e8\" data-element_type=\"widget\" data-widget_type=\"button.default\">\n\t\t\t\t<div class=\"elementor-widget-container\">\n\t\t\t\t\t\t\t\t\t<div class=\"elementor-button-wrapper\">\n\t\t\t\t\t<a class=\"elementor-button elementor-button-link elementor-size-sm\" href=\"https:\/\/www.klsolutions.it\/de\/contatti\/\">\n\t\t\t\t\t\t<span class=\"elementor-button-content-wrapper\">\n\t\t\t\t\t\t\t\t\t<span class=\"elementor-button-text\">KONTAKT<\/span>\n\t\t\t\t\t<\/span>\n\t\t\t\t\t<\/a>\n\t\t\t\t<\/div>\n\t\t\t\t\t\t\t\t<\/div>\n\t\t\t\t<\/div>\n\t\t\t\t<\/div>\n\t\t\t\t\t<\/div>\n\t\t\t\t<\/div>\n\t\t\t\t<\/div>","protected":false},"excerpt":{"rendered":"<p>Illuminazione La giusta luce fa la differenza. Non \u00e8 solo una questione estetica, ma anche di funzionalit\u00e0, sicurezza, risparmio energetico e comfort. [&hellip;]<\/p>","protected":false},"author":1,"featured_media":0,"parent":0,"menu_order":0,"comment_status":"closed","ping_status":"closed","template":"page-templates\/page_front-page.php","meta":{"footnotes":""},"class_list":["post-915","page","type-page","status-publish","hentry"],"_links":{"self":[{"href":"https:\/\/www.klsolutions.it\/de\/wp-json\/wp\/v2\/pages\/915","targetHints":{"allow":["GET"]}}],"collection":[{"href":"https:\/\/www.klsolutions.it\/de\/wp-json\/wp\/v2\/pages"}],"about":[{"href":"https:\/\/www.klsolutions.it\/de\/wp-json\/wp\/v2\/types\/page"}],"author":[{"embeddable":true,"href":"https:\/\/www.klsolutions.it\/de\/wp-json\/wp\/v2\/users\/1"}],"replies":[{"embeddable":true,"href":"https:\/\/www.klsolutions.it\/de\/wp-json\/wp\/v2\/comments?post=915"}],"version-history":[{"count":13,"href":"https:\/\/www.klsolutions.it\/de\/wp-json\/wp\/v2\/pages\/915\/revisions"}],"predecessor-version":[{"id":1025,"href":"https:\/\/www.klsolutions.it\/de\/wp-json\/wp\/v2\/pages\/915\/revisions\/1025"}],"wp:attachment":[{"href":"https:\/\/www.klsolutions.it\/de\/wp-json\/wp\/v2\/media?parent=915"}],"curies":[{"name":"wp","href":"https:\/\/api.w.org\/{rel}","templated":true}]}}