{"id":920,"date":"2025-05-12T13:31:00","date_gmt":"2025-05-12T11:31:00","guid":{"rendered":"https:\/\/www.klsolutions.it\/?page_id=920"},"modified":"2025-05-12T15:22:12","modified_gmt":"2025-05-12T13:22:12","slug":"videosorveglianza","status":"publish","type":"page","link":"https:\/\/www.klsolutions.it\/de\/videosorveglianza\/","title":{"rendered":"Video\u00fcberwachung"},"content":{"rendered":"<div data-elementor-type=\"wp-page\" data-elementor-id=\"920\" class=\"elementor elementor-920\" data-elementor-post-type=\"page\">\n\t\t\t\t\t\t<section class=\"elementor-section elementor-top-section elementor-element elementor-element-4fd1370 elementor-section-height-min-height elementor-section-boxed elementor-section-height-default elementor-section-items-middle\" data-id=\"4fd1370\" data-element_type=\"section\" data-settings=\"{&quot;background_background&quot;:&quot;classic&quot;}\">\n\t\t\t\t\t\t\t<div class=\"elementor-background-overlay\"><\/div>\n\t\t\t\t\t\t\t<div class=\"elementor-container elementor-column-gap-default\">\n\t\t\t\t\t<div class=\"elementor-column elementor-col-100 elementor-top-column elementor-element elementor-element-8db253a\" data-id=\"8db253a\" data-element_type=\"column\">\n\t\t\t<div class=\"elementor-widget-wrap\">\n\t\t\t\t\t\t\t<\/div>\n\t\t<\/div>\n\t\t\t\t\t<\/div>\n\t\t<\/section>\n\t\t<div class=\"elementor-element elementor-element-45f1f3f e-flex e-con-boxed e-con e-parent\" data-id=\"45f1f3f\" data-element_type=\"container\">\n\t\t\t\t\t<div class=\"e-con-inner\">\n\t\t\t\t<div class=\"elementor-element elementor-element-c0a26ed elementor-widget elementor-widget-heading\" data-id=\"c0a26ed\" data-element_type=\"widget\" data-widget_type=\"heading.default\">\n\t\t\t\t<div class=\"elementor-widget-container\">\n\t\t\t\t\t<h2 class=\"elementor-heading-title elementor-size-default\">Video\u00fcberwachung<\/h2>\t\t\t\t<\/div>\n\t\t\t\t<\/div>\n\t\t\t\t<div class=\"elementor-element elementor-element-c65a592 elementor-widget elementor-widget-text-editor\" data-id=\"c65a592\" data-element_type=\"widget\" data-widget_type=\"text-editor.default\">\n\t\t\t\t<div class=\"elementor-widget-container\">\n\t\t\t\t\t\t\t\t\t<p class=\"p1\">Sicherheit kann man nie genug haben. Ob es darum geht, ein Wohnhaus, ein Gesch\u00e4ft oder einen Produktionsbereich zu sch\u00fctzen \u2013 ein effektives Video\u00fcberwachungssystem kann den Unterschied zwischen einer kontrollierten Situation und einem ernsthaften Problem ausmachen.<\/p><p class=\"p1 translation-block\"><span class=\"s1\">KL Solution<\/span> ist zwar ein neu gegr\u00fcndetes Unternehmen, basiert jedoch auf langj\u00e4hriger technischer Erfahrung aus \u00fcber drei\u00dfig Jahren praktischer T\u00e4tigkeit. Dieses Know-how spiegelt sich heute in zuverl\u00e4ssigen, durchdachten und ma\u00dfgeschneiderten Anlagen f\u00fcr jede Anforderung wider.<\/p><p class=\"p1 translation-block\">Wir planen und installieren <span class=\"s1\">professionelle Video\u00fcberwachungssysteme<\/span> \u2013 sowohl f\u00fcr private Bereiche (Wohnh\u00e4user, Wohnanlagen, Garagen, G\u00e4rten) als auch f\u00fcr industrielle Umgebungen (Hallen, Freifl\u00e4chen, Logistikbereiche, kontrollierte Zug\u00e4nge). Jede Anlage wird mit besonderem Augenmerk auf Bildausschnitt, Beleuchtung, Datenschutz und Bildqualit\u00e4t konzipiert \u2013 auch unter schwierigen Bedingungen.<\/p><p class=\"p1 translation-block\">Wir verwenden Ger\u00e4te der neuesten Generation: <span class=\"s1\">IP-Kameras<\/span>, <span class=\"s1\">Infrarottechnik<\/span>, <span class=\"s1\">Bullet- oder Dome-Kameras<\/span>, Systeme mit <span class=\"s1\">NVR-Aufzeichnung<\/span>, Fernzugriff \u00fcber App, <span class=\"s1\">Echtzeitbenachrichtigungen<\/span> und <span class=\"s1\">Integration in Alarm- oder Smart-Home-Systeme<\/span>. Alles wird so konfiguriert, dass es auch f\u00fcr weniger technikaffine Nutzer intuitiv zu bedienen ist.<br>Im Industriebereich k\u00fcmmern wir uns zudem um <span class=\"s1\">Multi-Zonen-Systeme<\/span> mit zentralem Monitoring, differenziertem Zugriff, Perimeterschutz und hochzuverl\u00e4ssiger Aufzeichnung. Wir arbeiten mit ausgew\u00e4hlten Anbietern zusammen, um Langlebigkeit und kontinuierlichen Support zu gew\u00e4hrleisten.<\/p><p class=\"p1 translation-block\">Jede Installation wird mit der <span class=\"s1\">technischen Dokumentation und der Konformit\u00e4tserkl\u00e4rung<\/span> abgeschlossen, in \u00dcbereinstimmung mit den geltenden Vorschriften (z.\u202fB. CEI EN 62676). Wir stehen auch f\u00fcr die Zusammenarbeit mit Datenschutzbeauftragten zur Verf\u00fcgung, um Beschilderung, Kamerapositionierung und Speicherung der Videodaten korrekt umzusetzen.<\/p>\t\t\t\t\t\t\t\t<\/div>\n\t\t\t\t<\/div>\n\t\t\t\t\t<\/div>\n\t\t\t\t<\/div>\n\t\t<div class=\"elementor-element elementor-element-4d99755 e-flex e-con-boxed e-con e-parent\" data-id=\"4d99755\" data-element_type=\"container\">\n\t\t\t\t\t<div class=\"e-con-inner\">\n\t\t<div class=\"elementor-element elementor-element-14c22e2 e-con-full e-flex e-con e-child\" data-id=\"14c22e2\" data-element_type=\"container\">\n\t\t\t\t<div class=\"elementor-element elementor-element-d20d546 elementor-widget elementor-widget-heading\" data-id=\"d20d546\" data-element_type=\"widget\" data-widget_type=\"heading.default\">\n\t\t\t\t<div class=\"elementor-widget-container\">\n\t\t\t\t\t<h2 class=\"elementor-heading-title elementor-size-default\">M\u00f6chten Sie Ihre R\u00e4ume mit einer durchdachten und professionellen Anlage absichern?<\/h2>\t\t\t\t<\/div>\n\t\t\t\t<\/div>\n\t\t\t\t<div class=\"elementor-element elementor-element-a3158e3 elementor-widget elementor-widget-heading\" data-id=\"a3158e3\" data-element_type=\"widget\" data-widget_type=\"heading.default\">\n\t\t\t\t<div class=\"elementor-widget-container\">\n\t\t\t\t\t<h2 class=\"elementor-heading-title elementor-size-default\">Kontaktieren Sie uns!<\/h2>\t\t\t\t<\/div>\n\t\t\t\t<\/div>\n\t\t\t\t<\/div>\n\t\t<div class=\"elementor-element elementor-element-b8ade7a e-con-full e-flex e-con e-child\" data-id=\"b8ade7a\" data-element_type=\"container\">\n\t\t\t\t<div class=\"elementor-element elementor-element-b7109e8 elementor-widget elementor-widget-button\" data-id=\"b7109e8\" data-element_type=\"widget\" data-widget_type=\"button.default\">\n\t\t\t\t<div class=\"elementor-widget-container\">\n\t\t\t\t\t\t\t\t\t<div class=\"elementor-button-wrapper\">\n\t\t\t\t\t<a class=\"elementor-button elementor-button-link elementor-size-sm\" href=\"https:\/\/www.klsolutions.it\/de\/contatti\/\">\n\t\t\t\t\t\t<span class=\"elementor-button-content-wrapper\">\n\t\t\t\t\t\t\t\t\t<span class=\"elementor-button-text\">KONTAKT<\/span>\n\t\t\t\t\t<\/span>\n\t\t\t\t\t<\/a>\n\t\t\t\t<\/div>\n\t\t\t\t\t\t\t\t<\/div>\n\t\t\t\t<\/div>\n\t\t\t\t<\/div>\n\t\t\t\t\t<\/div>\n\t\t\t\t<\/div>\n\t\t\t\t<\/div>","protected":false},"excerpt":{"rendered":"<p>Videosorveglianza La sicurezza non \u00e8 mai troppa. Che si tratti di proteggere una casa, un negozio o un\u2019area produttiva, un sistema di [&hellip;]<\/p>","protected":false},"author":1,"featured_media":0,"parent":0,"menu_order":0,"comment_status":"closed","ping_status":"closed","template":"page-templates\/page_front-page.php","meta":{"footnotes":""},"class_list":["post-920","page","type-page","status-publish","hentry"],"_links":{"self":[{"href":"https:\/\/www.klsolutions.it\/de\/wp-json\/wp\/v2\/pages\/920","targetHints":{"allow":["GET"]}}],"collection":[{"href":"https:\/\/www.klsolutions.it\/de\/wp-json\/wp\/v2\/pages"}],"about":[{"href":"https:\/\/www.klsolutions.it\/de\/wp-json\/wp\/v2\/types\/page"}],"author":[{"embeddable":true,"href":"https:\/\/www.klsolutions.it\/de\/wp-json\/wp\/v2\/users\/1"}],"replies":[{"embeddable":true,"href":"https:\/\/www.klsolutions.it\/de\/wp-json\/wp\/v2\/comments?post=920"}],"version-history":[{"count":10,"href":"https:\/\/www.klsolutions.it\/de\/wp-json\/wp\/v2\/pages\/920\/revisions"}],"predecessor-version":[{"id":1010,"href":"https:\/\/www.klsolutions.it\/de\/wp-json\/wp\/v2\/pages\/920\/revisions\/1010"}],"wp:attachment":[{"href":"https:\/\/www.klsolutions.it\/de\/wp-json\/wp\/v2\/media?parent=920"}],"curies":[{"name":"wp","href":"https:\/\/api.w.org\/{rel}","templated":true}]}}