{"id":925,"date":"2025-05-12T13:34:27","date_gmt":"2025-05-12T11:34:27","guid":{"rendered":"https:\/\/www.klsolutions.it\/?page_id=925"},"modified":"2025-05-12T15:23:56","modified_gmt":"2025-05-12T13:23:56","slug":"impianti-civili","status":"publish","type":"page","link":"https:\/\/www.klsolutions.it\/de\/impianti-civili\/","title":{"rendered":"Wohnungsinstallationen"},"content":{"rendered":"<div data-elementor-type=\"wp-page\" data-elementor-id=\"925\" class=\"elementor elementor-925\" data-elementor-post-type=\"page\">\n\t\t\t\t\t\t<section class=\"elementor-section elementor-top-section elementor-element elementor-element-4fd1370 elementor-section-height-min-height elementor-section-boxed elementor-section-height-default elementor-section-items-middle\" data-id=\"4fd1370\" data-element_type=\"section\" data-settings=\"{&quot;background_background&quot;:&quot;classic&quot;}\">\n\t\t\t\t\t\t\t<div class=\"elementor-background-overlay\"><\/div>\n\t\t\t\t\t\t\t<div class=\"elementor-container elementor-column-gap-default\">\n\t\t\t\t\t<div class=\"elementor-column elementor-col-100 elementor-top-column elementor-element elementor-element-8db253a\" data-id=\"8db253a\" data-element_type=\"column\">\n\t\t\t<div class=\"elementor-widget-wrap\">\n\t\t\t\t\t\t\t<\/div>\n\t\t<\/div>\n\t\t\t\t\t<\/div>\n\t\t<\/section>\n\t\t<div class=\"elementor-element elementor-element-45f1f3f e-flex e-con-boxed e-con e-parent\" data-id=\"45f1f3f\" data-element_type=\"container\">\n\t\t\t\t\t<div class=\"e-con-inner\">\n\t\t\t\t<div class=\"elementor-element elementor-element-c0a26ed elementor-widget elementor-widget-heading\" data-id=\"c0a26ed\" data-element_type=\"widget\" data-widget_type=\"heading.default\">\n\t\t\t\t<div class=\"elementor-widget-container\">\n\t\t\t\t\t<h2 class=\"elementor-heading-title elementor-size-default\">Wohnungsinstallationen<\/h2>\t\t\t\t<\/div>\n\t\t\t\t<\/div>\n\t\t\t\t<div class=\"elementor-element elementor-element-c65a592 elementor-widget elementor-widget-text-editor\" data-id=\"c65a592\" data-element_type=\"widget\" data-widget_type=\"text-editor.default\">\n\t\t\t\t<div class=\"elementor-widget-container\">\n\t\t\t\t\t\t\t\t\t<p class=\"p1\">Eine gut gemachte Elektroanlage erkennt man daran, dass man sie im Alltag gar nicht bemerkt.<\/p><p class=\"p1\">Sie ist sicher, funktioniert zuverl\u00e4ssig und macht das Leben einfacher.<\/p><p class=\"p1 translation-block\">Genau das ist der Ansatz von <span class=\"s1\">KL Solution<\/span>: zuverl\u00e4ssige, saubere, normgerechte Elektroinstallationen f\u00fcr den Wohnbereich zu realisieren, die auf Langlebigkeit ausgelegt sind.<\/p><p class=\"p1 translation-block\">Auch wenn unser Unternehmen noch jung ist, wird es von einem Techniker mit \u00fcber <span class=\"s1\">drei\u00dfig Jahren Praxiserfahrung<\/span> geleitet, der in den unterschiedlichsten Bereichen gearbeitet hat: Einfamilienh\u00e4user, Wohnungen, Villen, Wohnanlagen, Zweitwohnungen, B\u00fcros und Gesch\u00e4ftslokale.<br>Heute stellen wir diese gesamte Kompetenz den Kunden in <span class=\"s1\">Meran und Umgebung<\/span> zur Verf\u00fcgung und bieten ma\u00dfgeschneiderte L\u00f6sungen f\u00fcr Neubauten, Renovierungen und die Anpassung bestehender Anlagen.<\/p><p class=\"p1 translation-block\">Wir realisieren <span class=\"s1\">konventionelle<\/span> sowie <span class=\"s1\">Smart-Home-Elektroinstallationen<\/span> im Wohnbereich \u2013 mit besonderem Augenmerk auf Sicherheit, Energieeffizienz, Benutzerfreundlichkeit und \u00c4sthetik.<\/p><p class=\"p1\">Wir k\u00fcmmern uns auch um Video-Gegensprechanlagen, Datennetzwerke, TV-Anschl\u00fcsse, Beleuchtungssysteme, Rollladenautomationen, Klimaanlagen, Alarmanlagen und alles, was zum Komfort und zur Funktionalit\u00e4t eines modernen Wohnraums beitr\u00e4gt.<\/p><p class=\"p1 translation-block\">Jede Arbeit wird gem\u00e4\u00df den technischen Vorschriften (CEI 64-8) ausgef\u00fchrt und mit einer <span class=\"s1\">Konformit\u00e4tserkl\u00e4rung<\/span> sowie <span class=\"s1\">vollst\u00e4ndiger Dokumentation<\/span> \u00fcbergeben.<\/p><p class=\"p1\">Bei Bedarf arbeiten wir mit anderen Fachleuten der Branche zusammen, um einen integrierten, pr\u00e4zisen und termingerechten Service zu bieten.<\/p>\t\t\t\t\t\t\t\t<\/div>\n\t\t\t\t<\/div>\n\t\t\t\t\t<\/div>\n\t\t\t\t<\/div>\n\t\t<div class=\"elementor-element elementor-element-4d99755 e-flex e-con-boxed e-con e-parent\" data-id=\"4d99755\" data-element_type=\"container\">\n\t\t\t\t\t<div class=\"e-con-inner\">\n\t\t<div class=\"elementor-element elementor-element-14c22e2 e-con-full e-flex e-con e-child\" data-id=\"14c22e2\" data-element_type=\"container\">\n\t\t\t\t<div class=\"elementor-element elementor-element-d20d546 elementor-widget elementor-widget-heading\" data-id=\"d20d546\" data-element_type=\"widget\" data-widget_type=\"heading.default\">\n\t\t\t\t<div class=\"elementor-widget-container\">\n\t\t\t\t\t<h2 class=\"elementor-heading-title elementor-size-default\">Ben\u00f6tigen Sie eine zuverl\u00e4ssige Elektroanlage f\u00fcr Ihr Zuhause?<\/h2>\t\t\t\t<\/div>\n\t\t\t\t<\/div>\n\t\t\t\t<div class=\"elementor-element elementor-element-a3158e3 elementor-widget elementor-widget-heading\" data-id=\"a3158e3\" data-element_type=\"widget\" data-widget_type=\"heading.default\">\n\t\t\t\t<div class=\"elementor-widget-container\">\n\t\t\t\t\t<h2 class=\"elementor-heading-title elementor-size-default\">Kontaktieren Sie uns!<\/h2>\t\t\t\t<\/div>\n\t\t\t\t<\/div>\n\t\t\t\t<\/div>\n\t\t<div class=\"elementor-element elementor-element-b8ade7a e-con-full e-flex e-con e-child\" data-id=\"b8ade7a\" data-element_type=\"container\">\n\t\t\t\t<div class=\"elementor-element elementor-element-b7109e8 elementor-widget elementor-widget-button\" data-id=\"b7109e8\" data-element_type=\"widget\" data-widget_type=\"button.default\">\n\t\t\t\t<div class=\"elementor-widget-container\">\n\t\t\t\t\t\t\t\t\t<div class=\"elementor-button-wrapper\">\n\t\t\t\t\t<a class=\"elementor-button elementor-button-link elementor-size-sm\" href=\"https:\/\/www.klsolutions.it\/de\/contatti\/\">\n\t\t\t\t\t\t<span class=\"elementor-button-content-wrapper\">\n\t\t\t\t\t\t\t\t\t<span class=\"elementor-button-text\">KONTAKT<\/span>\n\t\t\t\t\t<\/span>\n\t\t\t\t\t<\/a>\n\t\t\t\t<\/div>\n\t\t\t\t\t\t\t\t<\/div>\n\t\t\t\t<\/div>\n\t\t\t\t<\/div>\n\t\t\t\t\t<\/div>\n\t\t\t\t<\/div>\n\t\t\t\t<\/div>","protected":false},"excerpt":{"rendered":"<p>Impianti civili Un impianto elettrico ben fatto si nota ogni volta che non ci si accorge della sua presenza. \u00c8 sicuro, funziona [&hellip;]<\/p>","protected":false},"author":1,"featured_media":0,"parent":0,"menu_order":0,"comment_status":"closed","ping_status":"closed","template":"page-templates\/page_front-page.php","meta":{"footnotes":""},"class_list":["post-925","page","type-page","status-publish","hentry"],"_links":{"self":[{"href":"https:\/\/www.klsolutions.it\/de\/wp-json\/wp\/v2\/pages\/925","targetHints":{"allow":["GET"]}}],"collection":[{"href":"https:\/\/www.klsolutions.it\/de\/wp-json\/wp\/v2\/pages"}],"about":[{"href":"https:\/\/www.klsolutions.it\/de\/wp-json\/wp\/v2\/types\/page"}],"author":[{"embeddable":true,"href":"https:\/\/www.klsolutions.it\/de\/wp-json\/wp\/v2\/users\/1"}],"replies":[{"embeddable":true,"href":"https:\/\/www.klsolutions.it\/de\/wp-json\/wp\/v2\/comments?post=925"}],"version-history":[{"count":16,"href":"https:\/\/www.klsolutions.it\/de\/wp-json\/wp\/v2\/pages\/925\/revisions"}],"predecessor-version":[{"id":1028,"href":"https:\/\/www.klsolutions.it\/de\/wp-json\/wp\/v2\/pages\/925\/revisions\/1028"}],"wp:attachment":[{"href":"https:\/\/www.klsolutions.it\/de\/wp-json\/wp\/v2\/media?parent=925"}],"curies":[{"name":"wp","href":"https:\/\/api.w.org\/{rel}","templated":true}]}}