{"id":930,"date":"2025-05-12T13:38:01","date_gmt":"2025-05-12T11:38:01","guid":{"rendered":"https:\/\/www.klsolutions.it\/?page_id=930"},"modified":"2025-05-12T15:24:37","modified_gmt":"2025-05-12T13:24:37","slug":"domotica","status":"publish","type":"page","link":"https:\/\/www.klsolutions.it\/de\/domotica\/","title":{"rendered":"Hausautomation"},"content":{"rendered":"<div data-elementor-type=\"wp-page\" data-elementor-id=\"930\" class=\"elementor elementor-930\" data-elementor-post-type=\"page\">\n\t\t\t\t\t\t<section class=\"elementor-section elementor-top-section elementor-element elementor-element-4fd1370 elementor-section-height-min-height elementor-section-boxed elementor-section-height-default elementor-section-items-middle\" data-id=\"4fd1370\" data-element_type=\"section\" data-settings=\"{&quot;background_background&quot;:&quot;classic&quot;}\">\n\t\t\t\t\t\t\t<div class=\"elementor-background-overlay\"><\/div>\n\t\t\t\t\t\t\t<div class=\"elementor-container elementor-column-gap-default\">\n\t\t\t\t\t<div class=\"elementor-column elementor-col-100 elementor-top-column elementor-element elementor-element-8db253a\" data-id=\"8db253a\" data-element_type=\"column\">\n\t\t\t<div class=\"elementor-widget-wrap\">\n\t\t\t\t\t\t\t<\/div>\n\t\t<\/div>\n\t\t\t\t\t<\/div>\n\t\t<\/section>\n\t\t<div class=\"elementor-element elementor-element-45f1f3f e-flex e-con-boxed e-con e-parent\" data-id=\"45f1f3f\" data-element_type=\"container\">\n\t\t\t\t\t<div class=\"e-con-inner\">\n\t\t\t\t<div class=\"elementor-element elementor-element-c0a26ed elementor-widget elementor-widget-heading\" data-id=\"c0a26ed\" data-element_type=\"widget\" data-widget_type=\"heading.default\">\n\t\t\t\t<div class=\"elementor-widget-container\">\n\t\t\t\t\t<h2 class=\"elementor-heading-title elementor-size-default\">Hausautomation<\/h2>\t\t\t\t<\/div>\n\t\t\t\t<\/div>\n\t\t\t\t<div class=\"elementor-element elementor-element-c65a592 elementor-widget elementor-widget-text-editor\" data-id=\"c65a592\" data-element_type=\"widget\" data-widget_type=\"text-editor.default\">\n\t\t\t\t<div class=\"elementor-widget-container\">\n\t\t\t\t\t\t\t\t\t<p class=\"p1\">Hausautomation ist kein Luxus aus Wohnmagazinen mehr, sondern eine greifbare und erschwingliche Realit\u00e4t f\u00fcr alle, die ihr Zuhause oder Unternehmen intelligenter, komfortabler und sicherer gestalten m\u00f6chten.<\/p><p class=\"p1 translation-block\">Mit <span class=\"s1\">KL Solution<\/span> wird Technologie einfach: Wir planen und realisieren ma\u00dfgeschneiderte Smart-Home-Systeme, die genau auf die tats\u00e4chlichen Bed\u00fcrfnisse des Kunden abgestimmt sind.<\/p><p class=\"p1 translation-block\">Auch wenn unser Unternehmen noch jung ist, erm\u00f6glicht uns die in \u00fcber <span class=\"s1\">drei\u00dfig Jahren T\u00e4tigkeit im Elektrobereich<\/span> gesammelte Erfahrung, zuverl\u00e4ssige, flexible und moderne Anlagen anzubieten. Wir sind in <span class=\"s1\">Meran und Umgebung<\/span> t\u00e4tig und arbeiten sowohl bei Neubauten als auch bei Renovierungen.<br>Mit Hausautomation k\u00f6nnen Sie Beleuchtung, Rolll\u00e4den, Heizung, K\u00fchlung, Sicherheit und vieles mehr direkt \u00fcber Ihr Smartphone, ein Wandpanel oder per Sprachbefehl steuern.<\/p><p class=\"p1\">Wir realisieren Anlagen mit kabelgebundenen oder drahtlosen Systemen, die mit den wichtigsten Branchenstandards kompatibel sind (wie KNX, Zigbee, Z-Wave oder ma\u00dfgeschneiderte L\u00f6sungen), und gew\u00e4hrleisten maximale Kompatibilit\u00e4t und zuk\u00fcnftige Erweiterbarkeit.<\/p><p class=\"p1 translation-block\">Unsere Anlagen k\u00f6nnen mit den wichtigsten Sprachassistenten und Steuerungssystemen integriert werden, wie <span class=\"s1\">Apple HomeKit<\/span>, <span class=\"s1\">Amazon Alexa<\/span> und <span class=\"s1\">Google Home<\/span>. Das bedeutet, dass Sie einfach sagen k\u00f6nnen: \u201eHey Siri, mach das Licht im Wohnzimmer aus\u201c oder \u201eAlexa, schlie\u00dfe die Rolll\u00e4den\u201c \u2013 und alles funktioniert reibungslos und sicher.<\/p><p class=\"p1\">Sie bestimmen den Automatisierungsgrad \u2013 wir begleiten Sie von der Planung bis zur Installation, mit besonderem Augenmerk auf Benutzerfreundlichkeit und Datenschutz.<\/p><p class=\"p1 translation-block\">Sowohl im <span class=\"s1\">Wohnbereich<\/span> als auch im <span class=\"s1\">Industriebereich<\/span> wird jede Installation so konzipiert, dass sie effizient, benutzerfreundlich und zukunftssicher ist.<\/p><p class=\"p1 translation-block\">Ob es sich um ein einfaches Smart-Relais oder ein vollst\u00e4ndig vernetztes Zuhause handelt \u2013 wir achten auf jedes Detail: von der Planung \u00fcber die Inbetriebnahme bis hin zur Einweisung in die Nutzung und der <span class=\"s1\">Anlagenzertifizierung<\/span>.<\/p>\t\t\t\t\t\t\t\t<\/div>\n\t\t\t\t<\/div>\n\t\t\t\t\t<\/div>\n\t\t\t\t<\/div>\n\t\t<div class=\"elementor-element elementor-element-4d99755 e-flex e-con-boxed e-con e-parent\" data-id=\"4d99755\" data-element_type=\"container\">\n\t\t\t\t\t<div class=\"e-con-inner\">\n\t\t<div class=\"elementor-element elementor-element-14c22e2 e-con-full e-flex e-con e-child\" data-id=\"14c22e2\" data-element_type=\"container\">\n\t\t\t\t<div class=\"elementor-element elementor-element-d20d546 elementor-widget elementor-widget-heading\" data-id=\"d20d546\" data-element_type=\"widget\" data-widget_type=\"heading.default\">\n\t\t\t\t<div class=\"elementor-widget-container\">\n\t\t\t\t\t<h2 class=\"elementor-heading-title elementor-size-default\">M\u00f6chten Sie Ihre R\u00e4ume in intelligente Umgebungen verwandeln?<\/h2>\t\t\t\t<\/div>\n\t\t\t\t<\/div>\n\t\t\t\t<div class=\"elementor-element elementor-element-a3158e3 elementor-widget elementor-widget-heading\" data-id=\"a3158e3\" data-element_type=\"widget\" data-widget_type=\"heading.default\">\n\t\t\t\t<div class=\"elementor-widget-container\">\n\t\t\t\t\t<h2 class=\"elementor-heading-title elementor-size-default\">Kontaktieren Sie KL Solution!<\/h2>\t\t\t\t<\/div>\n\t\t\t\t<\/div>\n\t\t\t\t<\/div>\n\t\t<div class=\"elementor-element elementor-element-b8ade7a e-con-full e-flex e-con e-child\" data-id=\"b8ade7a\" data-element_type=\"container\">\n\t\t\t\t<div class=\"elementor-element elementor-element-b7109e8 elementor-widget elementor-widget-button\" data-id=\"b7109e8\" data-element_type=\"widget\" data-widget_type=\"button.default\">\n\t\t\t\t<div class=\"elementor-widget-container\">\n\t\t\t\t\t\t\t\t\t<div class=\"elementor-button-wrapper\">\n\t\t\t\t\t<a class=\"elementor-button elementor-button-link elementor-size-sm\" href=\"https:\/\/www.klsolutions.it\/de\/contatti\/\">\n\t\t\t\t\t\t<span class=\"elementor-button-content-wrapper\">\n\t\t\t\t\t\t\t\t\t<span class=\"elementor-button-text\">KONTAKT<\/span>\n\t\t\t\t\t<\/span>\n\t\t\t\t\t<\/a>\n\t\t\t\t<\/div>\n\t\t\t\t\t\t\t\t<\/div>\n\t\t\t\t<\/div>\n\t\t\t\t<\/div>\n\t\t\t\t\t<\/div>\n\t\t\t\t<\/div>\n\t\t\t\t<\/div>","protected":false},"excerpt":{"rendered":"<p>Domotica La domotica non \u00e8 pi\u00f9 un lusso da rivista, ma una realt\u00e0 concreta e accessibile per chi desidera una casa o [&hellip;]<\/p>","protected":false},"author":1,"featured_media":0,"parent":0,"menu_order":0,"comment_status":"closed","ping_status":"closed","template":"page-templates\/page_front-page.php","meta":{"footnotes":""},"class_list":["post-930","page","type-page","status-publish","hentry"],"_links":{"self":[{"href":"https:\/\/www.klsolutions.it\/de\/wp-json\/wp\/v2\/pages\/930","targetHints":{"allow":["GET"]}}],"collection":[{"href":"https:\/\/www.klsolutions.it\/de\/wp-json\/wp\/v2\/pages"}],"about":[{"href":"https:\/\/www.klsolutions.it\/de\/wp-json\/wp\/v2\/types\/page"}],"author":[{"embeddable":true,"href":"https:\/\/www.klsolutions.it\/de\/wp-json\/wp\/v2\/users\/1"}],"replies":[{"embeddable":true,"href":"https:\/\/www.klsolutions.it\/de\/wp-json\/wp\/v2\/comments?post=930"}],"version-history":[{"count":13,"href":"https:\/\/www.klsolutions.it\/de\/wp-json\/wp\/v2\/pages\/930\/revisions"}],"predecessor-version":[{"id":1031,"href":"https:\/\/www.klsolutions.it\/de\/wp-json\/wp\/v2\/pages\/930\/revisions\/1031"}],"wp:attachment":[{"href":"https:\/\/www.klsolutions.it\/de\/wp-json\/wp\/v2\/media?parent=930"}],"curies":[{"name":"wp","href":"https:\/\/api.w.org\/{rel}","templated":true}]}}