{"id":938,"date":"2025-05-12T13:42:47","date_gmt":"2025-05-12T11:42:47","guid":{"rendered":"https:\/\/www.klsolutions.it\/?page_id=938"},"modified":"2025-05-12T15:25:14","modified_gmt":"2025-05-12T13:25:14","slug":"linee-dati","status":"publish","type":"page","link":"https:\/\/www.klsolutions.it\/de\/linee-dati\/","title":{"rendered":"Netzwerkverkabelung"},"content":{"rendered":"<div data-elementor-type=\"wp-page\" data-elementor-id=\"938\" class=\"elementor elementor-938\" data-elementor-post-type=\"page\">\n\t\t\t\t\t\t<section class=\"elementor-section elementor-top-section elementor-element elementor-element-4fd1370 elementor-section-height-min-height elementor-section-boxed elementor-section-height-default elementor-section-items-middle\" data-id=\"4fd1370\" data-element_type=\"section\" data-settings=\"{&quot;background_background&quot;:&quot;classic&quot;}\">\n\t\t\t\t\t\t\t<div class=\"elementor-background-overlay\"><\/div>\n\t\t\t\t\t\t\t<div class=\"elementor-container elementor-column-gap-default\">\n\t\t\t\t\t<div class=\"elementor-column elementor-col-100 elementor-top-column elementor-element elementor-element-8db253a\" data-id=\"8db253a\" data-element_type=\"column\">\n\t\t\t<div class=\"elementor-widget-wrap\">\n\t\t\t\t\t\t\t<\/div>\n\t\t<\/div>\n\t\t\t\t\t<\/div>\n\t\t<\/section>\n\t\t<div class=\"elementor-element elementor-element-45f1f3f e-flex e-con-boxed e-con e-parent\" data-id=\"45f1f3f\" data-element_type=\"container\">\n\t\t\t\t\t<div class=\"e-con-inner\">\n\t\t\t\t<div class=\"elementor-element elementor-element-c0a26ed elementor-widget elementor-widget-heading\" data-id=\"c0a26ed\" data-element_type=\"widget\" data-widget_type=\"heading.default\">\n\t\t\t\t<div class=\"elementor-widget-container\">\n\t\t\t\t\t<h2 class=\"elementor-heading-title elementor-size-default\">Netzwerkverkabelung<\/h2>\t\t\t\t<\/div>\n\t\t\t\t<\/div>\n\t\t\t\t<div class=\"elementor-element elementor-element-c65a592 elementor-widget elementor-widget-text-editor\" data-id=\"c65a592\" data-element_type=\"widget\" data-widget_type=\"text-editor.default\">\n\t\t\t\t<div class=\"elementor-widget-container\">\n\t\t\t\t\t\t\t\t\t<p class=\"p1\">Heutzutage ist ein gut aufgebautes Datennetzwerk genauso wichtig wie die Elektroinstallation.<\/p><p class=\"p1\">Egal ob es sich um ein Zuhause, ein B\u00fcro oder ein Unternehmen handelt \u2013 eine stabile, schnelle und sichere Verbindung ist entscheidend, um zu arbeiten, zu kommunizieren, smarte Ger\u00e4te zu steuern und Effizienz zu gew\u00e4hrleisten.<\/p><p class=\"p1 translation-block\">Wir von <span class=\"s1\">KL Solution<\/span> \u00fcbernehmen die Planung und Installation von <span class=\"s1\">Datenleitungen<\/span> und <span class=\"s1\">strukturierter Verkabelung<\/span> f\u00fcr Wohn- und Industrieumgebungen. Auch wenn unser Unternehmen noch jung ist, bringen wir <span class=\"s1\">\u00fcber drei\u00dfig Jahre technische Erfahrung<\/span> in die Arbeit f\u00fcr unsere Kunden in <span class=\"s1\">Meran und Umgebung<\/span> ein.<br>Wir realisieren Anlagen mit Kabeln der Kategorien <span class=\"s1\">Cat5e, Cat6, Cat6A<\/span> und h\u00f6her, mit Netzwerkschr\u00e4nken, Patchpanels, RJ45-Wanddosen und allem, was f\u00fcr eine saubere und effiziente Signalverteilung notwendig ist.<\/p><p class=\"p1 translation-block\">Egal, ob nur wenige Ger\u00e4te in einem Privathaushalt oder Hunderte in einem Firmennetzwerk angeschlossen werden \u2013 wir stellen sicher, dass jede Leitung <span class=\"s1\">getestet, zertifiziert und dokumentiert<\/span> ist.<\/p><p class=\"p1\">Wir arbeiten in privaten Wohnh\u00e4usern, B\u00fcros, Gesch\u00e4ften, Hotels, Werkst\u00e4tten, Industriehallen und \u00fcberall dort, wo LAN-Verbindungen, VoIP-Telefone, IP-Video\u00fcberwachung oder Smart-Home-Ger\u00e4te vernetzt werden m\u00fcssen.<\/p><p class=\"p1 translation-block\">Wir sind auch in der Lage, <span class=\"s1\">kombinierte kabelgebundene und WLAN-Netzwerke<\/span> zu planen, die \u00fcber Access Points, Controller und einheitliche Netzwerksysteme verwaltet werden.<\/p>\t\t\t\t\t\t\t\t<\/div>\n\t\t\t\t<\/div>\n\t\t\t\t\t<\/div>\n\t\t\t\t<\/div>\n\t\t<div class=\"elementor-element elementor-element-4d99755 e-flex e-con-boxed e-con e-parent\" data-id=\"4d99755\" data-element_type=\"container\">\n\t\t\t\t\t<div class=\"e-con-inner\">\n\t\t<div class=\"elementor-element elementor-element-14c22e2 e-con-full e-flex e-con e-child\" data-id=\"14c22e2\" data-element_type=\"container\">\n\t\t\t\t<div class=\"elementor-element elementor-element-d20d546 elementor-widget elementor-widget-heading\" data-id=\"d20d546\" data-element_type=\"widget\" data-widget_type=\"heading.default\">\n\t\t\t\t<div class=\"elementor-widget-container\">\n\t\t\t\t\t<h2 class=\"elementor-heading-title elementor-size-default\">Ben\u00f6tigen Sie ein stabiles Netzwerk f\u00fcr Ihr Zuhause oder Ihr Unternehmen?<\/h2>\t\t\t\t<\/div>\n\t\t\t\t<\/div>\n\t\t\t\t<div class=\"elementor-element elementor-element-a3158e3 elementor-widget elementor-widget-heading\" data-id=\"a3158e3\" data-element_type=\"widget\" data-widget_type=\"heading.default\">\n\t\t\t\t<div class=\"elementor-widget-container\">\n\t\t\t\t\t<h2 class=\"elementor-heading-title elementor-size-default\">Kontaktieren Sie KL Solution!<\/h2>\t\t\t\t<\/div>\n\t\t\t\t<\/div>\n\t\t\t\t<\/div>\n\t\t<div class=\"elementor-element elementor-element-b8ade7a e-con-full e-flex e-con e-child\" data-id=\"b8ade7a\" data-element_type=\"container\">\n\t\t\t\t<div class=\"elementor-element elementor-element-b7109e8 elementor-widget elementor-widget-button\" data-id=\"b7109e8\" data-element_type=\"widget\" data-widget_type=\"button.default\">\n\t\t\t\t<div class=\"elementor-widget-container\">\n\t\t\t\t\t\t\t\t\t<div class=\"elementor-button-wrapper\">\n\t\t\t\t\t<a class=\"elementor-button elementor-button-link elementor-size-sm\" href=\"https:\/\/www.klsolutions.it\/de\/contatti\/\">\n\t\t\t\t\t\t<span class=\"elementor-button-content-wrapper\">\n\t\t\t\t\t\t\t\t\t<span class=\"elementor-button-text\">KONTAKT<\/span>\n\t\t\t\t\t<\/span>\n\t\t\t\t\t<\/a>\n\t\t\t\t<\/div>\n\t\t\t\t\t\t\t\t<\/div>\n\t\t\t\t<\/div>\n\t\t\t\t<\/div>\n\t\t\t\t\t<\/div>\n\t\t\t\t<\/div>\n\t\t\t\t<\/div>","protected":false},"excerpt":{"rendered":"<p>Linee dati Oggi, una rete dati ben realizzata \u00e8 importante quanto l\u2019impianto elettrico. Che si tratti di una casa, un ufficio o [&hellip;]<\/p>","protected":false},"author":1,"featured_media":0,"parent":0,"menu_order":0,"comment_status":"closed","ping_status":"closed","template":"page-templates\/page_front-page.php","meta":{"footnotes":""},"class_list":["post-938","page","type-page","status-publish","hentry"],"_links":{"self":[{"href":"https:\/\/www.klsolutions.it\/de\/wp-json\/wp\/v2\/pages\/938","targetHints":{"allow":["GET"]}}],"collection":[{"href":"https:\/\/www.klsolutions.it\/de\/wp-json\/wp\/v2\/pages"}],"about":[{"href":"https:\/\/www.klsolutions.it\/de\/wp-json\/wp\/v2\/types\/page"}],"author":[{"embeddable":true,"href":"https:\/\/www.klsolutions.it\/de\/wp-json\/wp\/v2\/users\/1"}],"replies":[{"embeddable":true,"href":"https:\/\/www.klsolutions.it\/de\/wp-json\/wp\/v2\/comments?post=938"}],"version-history":[{"count":13,"href":"https:\/\/www.klsolutions.it\/de\/wp-json\/wp\/v2\/pages\/938\/revisions"}],"predecessor-version":[{"id":1035,"href":"https:\/\/www.klsolutions.it\/de\/wp-json\/wp\/v2\/pages\/938\/revisions\/1035"}],"wp:attachment":[{"href":"https:\/\/www.klsolutions.it\/de\/wp-json\/wp\/v2\/media?parent=938"}],"curies":[{"name":"wp","href":"https:\/\/api.w.org\/{rel}","templated":true}]}}